{"id":1839,"date":"2024-03-17T12:18:54","date_gmt":"2024-03-17T12:18:54","guid":{"rendered":"https:\/\/dorimedia.com\/?page_id=1839"},"modified":"2024-03-27T12:07:40","modified_gmt":"2024-03-27T12:07:40","slug":"dori-media-international-2","status":"publish","type":"page","link":"https:\/\/dorimedia.com\/es\/dori-media-international-2\/","title":{"rendered":"Dori Media International"},"content":{"rendered":"<div class=\"wpb-content-wrapper\"><p>[vc_row][vc_column width=\u00bb1\/2&#8243;][vc_column_text]Dori Media International, con sede en Zurich (Suiza), fundada en 2003, es el centro de las actividades globales del Grupo.<\/p>\n<p>Dori Media International crea nuevos proyectos al rededor del mundo, desde Turqu\u00eda a Argentina y encuentra socios para producciones israel\u00edes y para aquellos t\u00edtulos con remakes globales que lograron ser grandes \u00e9xitos, as\u00ed como tambi\u00e9n para nuevos t\u00edtulos.[\/vc_column_text][\/vc_column][vc_column width=\u00bb1\/2&#8243;][vc_single_image image=\u00bb3899&#8243; img_size=\u00bbfull\u00bb][\/vc_column][\/vc_row]<\/p>\n<\/div>","protected":false},"excerpt":{"rendered":"<p>[vc_row][vc_column width=\u00bb1\/2&#8243;][vc_column_text]Dori Media International, con sede en Zurich (Suiza), fundada en 2003, es el centro de las actividades globales del Grupo. Dori Media International crea nuevos proyectos al rededor del mundo, desde Turqu\u00eda a Argentina y encuentra socios para producciones israel\u00edes y para aquellos t\u00edtulos con remakes globales que lograron ser grandes \u00e9xitos, as\u00ed como[&#8230;] <\/p>\n<p class=\"mt-15\"><a class=\"btn btn-color btn-sm\" href=\"https:\/\/dorimedia.com\/es\/dori-media-international-2\/\">Read More<\/a><\/p>\n","protected":false},"author":1,"featured_media":0,"parent":0,"menu_order":39,"comment_status":"closed","ping_status":"closed","template":"","meta":{"footnotes":""},"class_list":["post-1839","page","type-page","status-publish","hentry"],"yoast_head":"<!-- This site is optimized with the Yoast SEO plugin v27.4 - https:\/\/yoast.com\/product\/yoast-seo-wordpress\/ -->\n<title>Dori Media International - DORI MEDIA<\/title>\n<meta name=\"robots\" content=\"index, follow, max-snippet:-1, max-image-preview:large, max-video-preview:-1\" \/>\n<link rel=\"canonical\" href=\"https:\/\/dorimedia.com\/dori-media-international-2\/\" \/>\n<meta property=\"og:locale\" content=\"es_ES\" \/>\n<meta property=\"og:type\" content=\"article\" \/>\n<meta property=\"og:title\" content=\"Dori Media International - DORI MEDIA\" \/>\n<meta property=\"og:description\" content=\"[vc_row][vc_column width=\u00bb1\/2&#8243;][vc_column_text]Dori Media International, con sede en Zurich (Suiza), fundada en 2003, es el centro de las actividades globales del Grupo. Dori Media International crea nuevos proyectos al rededor del mundo, desde Turqu\u00eda a Argentina y encuentra socios para producciones israel\u00edes y para aquellos t\u00edtulos con remakes globales que lograron ser grandes \u00e9xitos, as\u00ed como[...] Read More\" \/>\n<meta property=\"og:url\" content=\"https:\/\/dorimedia.com\/dori-media-international-2\/\" \/>\n<meta property=\"og:site_name\" content=\"DORI MEDIA\" \/>\n<meta property=\"article:modified_time\" content=\"2024-03-27T12:07:40+00:00\" \/>\n<meta name=\"twitter:card\" content=\"summary_large_image\" \/>\n<meta name=\"twitter:label1\" content=\"Tiempo de lectura\" \/>\n\t<meta name=\"twitter:data1\" content=\"1 minuto\" \/>\n<script type=\"application\/ld+json\" class=\"yoast-schema-graph\">{\"@context\":\"https:\\\/\\\/schema.org\",\"@graph\":[{\"@type\":\"WebPage\",\"@id\":\"https:\\\/\\\/dorimedia.com\\\/dori-media-international-2\\\/\",\"url\":\"https:\\\/\\\/dorimedia.com\\\/dori-media-international-2\\\/\",\"name\":\"Dori Media International - DORI MEDIA\",\"isPartOf\":{\"@id\":\"https:\\\/\\\/dorimedia.com\\\/#website\"},\"datePublished\":\"2024-03-17T12:18:54+00:00\",\"dateModified\":\"2024-03-27T12:07:40+00:00\",\"breadcrumb\":{\"@id\":\"https:\\\/\\\/dorimedia.com\\\/dori-media-international-2\\\/#breadcrumb\"},\"inLanguage\":\"es\",\"potentialAction\":[{\"@type\":\"ReadAction\",\"target\":[\"https:\\\/\\\/dorimedia.com\\\/dori-media-international-2\\\/\"]}]},{\"@type\":\"BreadcrumbList\",\"@id\":\"https:\\\/\\\/dorimedia.com\\\/dori-media-international-2\\\/#breadcrumb\",\"itemListElement\":[{\"@type\":\"ListItem\",\"position\":1,\"name\":\"Home\",\"item\":\"https:\\\/\\\/dorimedia.com\\\/\"},{\"@type\":\"ListItem\",\"position\":2,\"name\":\"Dori Media International\"}]},{\"@type\":\"WebSite\",\"@id\":\"https:\\\/\\\/dorimedia.com\\\/#website\",\"url\":\"https:\\\/\\\/dorimedia.com\\\/\",\"name\":\"DORI MEDIA\",\"description\":\"Dori Media is an international group of media companies with offices is Israel, Switzerland, Argentina and the USA. The groups&#039; business includes production, broadcast (TV channels), distribution and technical services.\",\"potentialAction\":[{\"@type\":\"SearchAction\",\"target\":{\"@type\":\"EntryPoint\",\"urlTemplate\":\"https:\\\/\\\/dorimedia.com\\\/?s={search_term_string}\"},\"query-input\":{\"@type\":\"PropertyValueSpecification\",\"valueRequired\":true,\"valueName\":\"search_term_string\"}}],\"inLanguage\":\"es\"}]}<\/script>\n<!-- \/ Yoast SEO plugin. -->","yoast_head_json":{"title":"Dori Media International - DORI MEDIA","robots":{"index":"index","follow":"follow","max-snippet":"max-snippet:-1","max-image-preview":"max-image-preview:large","max-video-preview":"max-video-preview:-1"},"canonical":"https:\/\/dorimedia.com\/dori-media-international-2\/","og_locale":"es_ES","og_type":"article","og_title":"Dori Media International - DORI MEDIA","og_description":"[vc_row][vc_column width=\u00bb1\/2&#8243;][vc_column_text]Dori Media International, con sede en Zurich (Suiza), fundada en 2003, es el centro de las actividades globales del Grupo. Dori Media International crea nuevos proyectos al rededor del mundo, desde Turqu\u00eda a Argentina y encuentra socios para producciones israel\u00edes y para aquellos t\u00edtulos con remakes globales que lograron ser grandes \u00e9xitos, as\u00ed como[...] Read More","og_url":"https:\/\/dorimedia.com\/dori-media-international-2\/","og_site_name":"DORI MEDIA","article_modified_time":"2024-03-27T12:07:40+00:00","twitter_card":"summary_large_image","twitter_misc":{"Tiempo de lectura":"1 minuto"},"schema":{"@context":"https:\/\/schema.org","@graph":[{"@type":"WebPage","@id":"https:\/\/dorimedia.com\/dori-media-international-2\/","url":"https:\/\/dorimedia.com\/dori-media-international-2\/","name":"Dori Media International - DORI MEDIA","isPartOf":{"@id":"https:\/\/dorimedia.com\/#website"},"datePublished":"2024-03-17T12:18:54+00:00","dateModified":"2024-03-27T12:07:40+00:00","breadcrumb":{"@id":"https:\/\/dorimedia.com\/dori-media-international-2\/#breadcrumb"},"inLanguage":"es","potentialAction":[{"@type":"ReadAction","target":["https:\/\/dorimedia.com\/dori-media-international-2\/"]}]},{"@type":"BreadcrumbList","@id":"https:\/\/dorimedia.com\/dori-media-international-2\/#breadcrumb","itemListElement":[{"@type":"ListItem","position":1,"name":"Home","item":"https:\/\/dorimedia.com\/"},{"@type":"ListItem","position":2,"name":"Dori Media International"}]},{"@type":"WebSite","@id":"https:\/\/dorimedia.com\/#website","url":"https:\/\/dorimedia.com\/","name":"DORI MEDIA","description":"Dori Media is an international group of media companies with offices is Israel, Switzerland, Argentina and the USA. The groups&#039; business includes production, broadcast (TV channels), distribution and technical services.","potentialAction":[{"@type":"SearchAction","target":{"@type":"EntryPoint","urlTemplate":"https:\/\/dorimedia.com\/?s={search_term_string}"},"query-input":{"@type":"PropertyValueSpecification","valueRequired":true,"valueName":"search_term_string"}}],"inLanguage":"es"}]}},"_links":{"self":[{"href":"https:\/\/dorimedia.com\/es\/wp-json\/wp\/v2\/pages\/1839","targetHints":{"allow":["GET"]}}],"collection":[{"href":"https:\/\/dorimedia.com\/es\/wp-json\/wp\/v2\/pages"}],"about":[{"href":"https:\/\/dorimedia.com\/es\/wp-json\/wp\/v2\/types\/page"}],"author":[{"embeddable":true,"href":"https:\/\/dorimedia.com\/es\/wp-json\/wp\/v2\/users\/1"}],"replies":[{"embeddable":true,"href":"https:\/\/dorimedia.com\/es\/wp-json\/wp\/v2\/comments?post=1839"}],"version-history":[{"count":2,"href":"https:\/\/dorimedia.com\/es\/wp-json\/wp\/v2\/pages\/1839\/revisions"}],"predecessor-version":[{"id":3901,"href":"https:\/\/dorimedia.com\/es\/wp-json\/wp\/v2\/pages\/1839\/revisions\/3901"}],"wp:attachment":[{"href":"https:\/\/dorimedia.com\/es\/wp-json\/wp\/v2\/media?parent=1839"}],"curies":[{"name":"wp","href":"https:\/\/api.w.org\/{rel}","templated":true}]}}