{"id":1984,"date":"2016-09-13T14:15:05","date_gmt":"2016-09-13T14:15:05","guid":{"rendered":"https:\/\/dorimedia.com\/?page_id=1984"},"modified":"2016-12-26T16:24:35","modified_gmt":"2016-12-26T16:24:35","slug":"newproducts","status":"publish","type":"page","link":"https:\/\/dorimedia.com\/es\/newproducts\/","title":{"rendered":"Novedades"},"content":{"rendered":"<div class=\"wpb-content-wrapper\"><p>[vc_row content_placement=\u00bbmiddle\u00bb css=\u00bb.vc_custom_1474873492326{margin-top: 0px !important;padding-top: 0px !important;}\u00bb][vc_column][vc_empty_space][vc_column_text]<div class=\"fa-slideshow slider-wrapper fa-nivo-slider-wrapper default\" style=\"margin-top:10px; margin-bottom:10px;margin-left:auto; margin-right: auto;font-size:90%;width:100%; \" id=\"fa-slider-2001\" data-auto_slide=\"1\" data-slide_duration=\"5\" data-effect_duration=\"0.6\" data-click_stop=\"1\" data-cycle=\"1\" data-distance_in=\"0\" data-distance_out=\"0\" data-position_in=\"left\" data-position_out=\"right\" data-event=\"mouseenter\" data-effect=\"\" data-width=\"1000\" data-height=\"450\" data-height_resize=\"1\" data-fullwidth=\"1\" data-font_size=\"90\" data-is_mobile=\"\">\r\n\t<div class=\"nivoSlider fa-nivo-slider\">\r\n    \t    \t\t<a href=\"https:\/\/dorimedia.com\/es\/portfolio\/the-auction-la-subasta\/\"><img decoding=\"async\" src=\"https:\/\/dorimedia.com\/wp-content\/uploads\/2025\/10\/La-Subasta_1032X593.jpg\" alt=\"La Subasta\" title=\"#fa-caption-425\" \/><\/a>\n    \t    \t\t<a href=\"https:\/\/dorimedia.com\/es\/portfolio\/soul-sucker\/\"><img decoding=\"async\" src=\"https:\/\/dorimedia.com\/wp-content\/uploads\/2025\/02\/Soul-Sucker_1920X1080-min.jpg\" alt=\"Soul Sucker\" title=\"#fa-caption-469\" \/><\/a>\n    \t    \t\t<a href=\"https:\/\/dorimedia.com\/es\/portfolio\/amia\/\"><img decoding=\"async\" src=\"https:\/\/dorimedia.com\/wp-content\/uploads\/2023\/10\/Amia_1032X593-min.jpg\" alt=\"AMIA\" title=\"#fa-caption-964\" \/><\/a>\n    \t    \t\t<a href=\"https:\/\/dorimedia.com\/es\/portfolio\/asfur\/\"><img decoding=\"async\" src=\"https:\/\/dorimedia.com\/wp-content\/uploads\/2025\/10\/Asfur_1032X593-1.jpg\" alt=\"Asfur\" title=\"#fa-caption-831\" \/><\/a>\n    \t    \t\t<a href=\"https:\/\/dorimedia.com\/es\/portfolio\/cramel\/\"><img decoding=\"async\" src=\"https:\/\/dorimedia.com\/wp-content\/uploads\/2025\/10\/Cramel_1032X593.jpg\" alt=\"Cramel\" title=\"#fa-caption-437\" \/><\/a>\n    \t    \t\t<a href=\"https:\/\/dorimedia.com\/es\/portfolio\/indal\/\"><img decoding=\"async\" src=\"https:\/\/dorimedia.com\/wp-content\/uploads\/2023\/10\/Indal_NEW_1920X1080-min.jpg\" alt=\"INDAL\" title=\"#fa-caption-713\" \/><\/a>\n    \t    \t\t<a href=\"https:\/\/dorimedia.com\/es\/portfolio\/lalola\/\"><img decoding=\"async\" src=\"https:\/\/dorimedia.com\/wp-content\/uploads\/2024\/09\/Lalola_1032X593.jpg\" alt=\"Lalola\" title=\"#fa-caption-80\" \/><\/a>\n    \t    <\/div>\r\n    <div id=\"fa-caption-425\" class=\"nivo-html-caption\"><h2><a href=\"https:\/\/dorimedia.com\/es\/portfolio\/the-auction-la-subasta\/\" title=\"La Subasta\" target=\"_self\">La Subasta<\/a><\/h2><p style=\"font-weight: 400;\">Un concurso televisivo \u00fanico que mezcla suspenso y risas, donde dos equipos pujan por art\u00edculos misteriosos usando pistas (quiz\u00e1s \u00fatiles), todo por un gran premio. Combina subastas con humor, estrategia, adrenalina y puro entretenimiento.<\/p>\n<a href=\"https:\/\/dorimedia.com\/es\/portfolio\/the-auction-la-subasta\/\" title=\"La Subasta\" target=\"_self\" class=\"fa-read-more\">Read more<\/a><\/div>\n<div id=\"fa-caption-469\" class=\"nivo-html-caption\"><h2><a href=\"https:\/\/dorimedia.com\/es\/portfolio\/soul-sucker\/\" title=\"Soul Sucker\" target=\"_self\">Soul Sucker<\/a><\/h2><p dir=\"auto\" align=\"left\">Una estrella de reality de 40 a\u00f1os arruinada regresa a su casa familiar cuando se sospecha que su madre es responsable de la extra\u00f1a muerte de su amante. Al enfrentarse a una maldici\u00f3n familiar en la que los amantes de sus hijas encuentran un final espantoso, descubre oscuros secretos y sospecha que su madre sabe m\u00e1s de lo que revela. \u00a1Mam\u00e1 siempre sabe lo que es mejor!<\/p>\n<a href=\"https:\/\/dorimedia.com\/es\/portfolio\/soul-sucker\/\" title=\"Soul Sucker\" target=\"_self\" class=\"fa-read-more\">Read more<\/a><\/div>\n<div id=\"fa-caption-964\" class=\"nivo-html-caption\"><h2><a href=\"https:\/\/dorimedia.com\/es\/portfolio\/amia\/\" title=\"AMIA\" target=\"_self\">AMIA<\/a><\/h2><p dir=\"auto\" align=\"left\">Un agente del Mossad se pone en contacto con una periodista argentina local para encontrar a los responsables de un ataque terrorista. Su viaje los lleva a un mundo de espionaje, agencias de inteligencia y traficantes de armas.<\/p>\n<a href=\"https:\/\/dorimedia.com\/es\/portfolio\/amia\/\" title=\"AMIA\" target=\"_self\" class=\"fa-read-more\">Read more<\/a><\/div>\n<div id=\"fa-caption-831\" class=\"nivo-html-caption\"><h2><a href=\"https:\/\/dorimedia.com\/es\/portfolio\/asfur\/\" title=\"Asfur\" target=\"_self\">Asfur<\/a><\/h2><p style=\"font-weight: 400;\">La serie transcurre en una zona industrial entre talleres; aparentemente un desguace, en realidad es el \u201creino\u201d de nuestros h\u00e9roes, chicos de la calle, perdedores sin esperanza, que decidieron salirse de la carrera de ratas. Trabajan en negro, fuman, festejan y se mecen en la hamaca de la vida\u2026 hasta que la cuerda se corta.<\/p>\n<a href=\"https:\/\/dorimedia.com\/es\/portfolio\/asfur\/\" title=\"Asfur\" target=\"_self\" class=\"fa-read-more\">Read more<\/a><\/div>\n<div id=\"fa-caption-437\" class=\"nivo-html-caption\"><h2><a href=\"https:\/\/dorimedia.com\/es\/portfolio\/cramel\/\" title=\"Cramel\" target=\"_self\">Cramel<\/a><\/h2><p style=\"font-weight: 400;\">Tres hermanos hu\u00e9rfanos heredan un castillo, una f\u00e1brica y a Cramel, un gato m\u00e1gico. Su vida de ensue\u00f1o esconde peligro, maravillas de cuentos de hadas, misterio, suspense y humor en una aventura fant\u00e1stica.<\/p>\n<a href=\"https:\/\/dorimedia.com\/es\/portfolio\/cramel\/\" title=\"Cramel\" target=\"_self\" class=\"fa-read-more\">Read more<\/a><\/div>\n<div id=\"fa-caption-713\" class=\"nivo-html-caption\"><h2><a href=\"https:\/\/dorimedia.com\/es\/portfolio\/indal\/\" title=\"INDAL\" target=\"_self\">INDAL<\/a><\/h2><p dir=\"auto\" align=\"left\">Un grupo de j\u00f3venes israel\u00edes et\u00edopes deciden secuestrar al oficial de polic\u00eda que salpic\u00f3 su adolescencia con abusos y finalmente asesin\u00f3 a su amigo m\u00e1s cercano, lo que result\u00f3 en un movimiento de protesta nacional masivo contra la violencia policial y por la igualdad.<\/p>\n<a href=\"https:\/\/dorimedia.com\/es\/portfolio\/indal\/\" title=\"INDAL\" target=\"_self\" class=\"fa-read-more\">Read more<\/a><\/div>\n<div id=\"fa-caption-80\" class=\"nivo-html-caption\"><h2><a href=\"https:\/\/dorimedia.com\/es\/portfolio\/lalola\/\" title=\"Lalola\" target=\"_self\">Lalola<\/a><\/h2><p dir=\"auto\" align=\"left\">La vida de Lalo cambia cuando le rompe el coraz\u00f3n a Romina y esta acude a una bruja para darle una lecci\u00f3n. Lalo despierta convertido en Lola y aprender\u00e1 a ser mujer con todas sus desventajas en un mundo machista mientras busca revertir el hechizo.<\/p>\n<a href=\"https:\/\/dorimedia.com\/es\/portfolio\/lalola\/\" title=\"Lalola\" target=\"_self\" class=\"fa-read-more\">Read more<\/a><\/div><\/div>\n<p>[\/vc_column_text][\/vc_column][\/vc_row]<\/p>\n<\/div>","protected":false},"excerpt":{"rendered":"<p>[vc_row content_placement=\u00bbmiddle\u00bb css=\u00bb.vc_custom_1474873492326{margin-top: 0px !important;padding-top: 0px !important;}\u00bb][vc_column][vc_empty_space][vc_column_text] [\/vc_column_text][\/vc_column][\/vc_row]<\/p>\n","protected":false},"author":1,"featured_media":0,"parent":0,"menu_order":16,"comment_status":"closed","ping_status":"closed","template":"page-small-header.php","meta":{"footnotes":""},"class_list":["post-1984","page","type-page","status-publish","hentry"],"yoast_head":"<!-- This site is optimized with the Yoast SEO plugin v27.4 - https:\/\/yoast.com\/product\/yoast-seo-wordpress\/ -->\n<title>Novedades - DORI MEDIA<\/title>\n<meta name=\"robots\" content=\"index, follow, max-snippet:-1, max-image-preview:large, max-video-preview:-1\" \/>\n<link rel=\"canonical\" href=\"https:\/\/dorimedia.com\/newproducts\/\" \/>\n<meta property=\"og:locale\" content=\"es_ES\" \/>\n<meta property=\"og:type\" content=\"article\" \/>\n<meta property=\"og:title\" content=\"Novedades - DORI MEDIA\" \/>\n<meta property=\"og:description\" content=\"[vc_row content_placement=\u00bbmiddle\u00bb css=\u00bb.vc_custom_1474873492326{margin-top: 0px !important;padding-top: 0px !important;}\u00bb][vc_column][vc_empty_space][vc_column_text] [\/vc_column_text][\/vc_column][\/vc_row]\" \/>\n<meta property=\"og:url\" content=\"https:\/\/dorimedia.com\/newproducts\/\" \/>\n<meta property=\"og:site_name\" content=\"DORI MEDIA\" \/>\n<meta property=\"article:modified_time\" content=\"2016-12-26T16:24:35+00:00\" \/>\n<meta name=\"twitter:card\" content=\"summary_large_image\" \/>\n<script type=\"application\/ld+json\" class=\"yoast-schema-graph\">{\"@context\":\"https:\\\/\\\/schema.org\",\"@graph\":[{\"@type\":\"WebPage\",\"@id\":\"https:\\\/\\\/dorimedia.com\\\/newproducts\\\/\",\"url\":\"https:\\\/\\\/dorimedia.com\\\/newproducts\\\/\",\"name\":\"Novedades - DORI MEDIA\",\"isPartOf\":{\"@id\":\"https:\\\/\\\/dorimedia.com\\\/#website\"},\"datePublished\":\"2016-09-13T14:15:05+00:00\",\"dateModified\":\"2016-12-26T16:24:35+00:00\",\"breadcrumb\":{\"@id\":\"https:\\\/\\\/dorimedia.com\\\/newproducts\\\/#breadcrumb\"},\"inLanguage\":\"es\",\"potentialAction\":[{\"@type\":\"ReadAction\",\"target\":[\"https:\\\/\\\/dorimedia.com\\\/newproducts\\\/\"]}]},{\"@type\":\"BreadcrumbList\",\"@id\":\"https:\\\/\\\/dorimedia.com\\\/newproducts\\\/#breadcrumb\",\"itemListElement\":[{\"@type\":\"ListItem\",\"position\":1,\"name\":\"Home\",\"item\":\"https:\\\/\\\/dorimedia.com\\\/\"},{\"@type\":\"ListItem\",\"position\":2,\"name\":\"New Products\"}]},{\"@type\":\"WebSite\",\"@id\":\"https:\\\/\\\/dorimedia.com\\\/#website\",\"url\":\"https:\\\/\\\/dorimedia.com\\\/\",\"name\":\"DORI MEDIA\",\"description\":\"Dori Media is an international group of media companies with offices is Israel, Switzerland, Argentina and the USA. The groups&#039; business includes production, broadcast (TV channels), distribution and technical services.\",\"potentialAction\":[{\"@type\":\"SearchAction\",\"target\":{\"@type\":\"EntryPoint\",\"urlTemplate\":\"https:\\\/\\\/dorimedia.com\\\/?s={search_term_string}\"},\"query-input\":{\"@type\":\"PropertyValueSpecification\",\"valueRequired\":true,\"valueName\":\"search_term_string\"}}],\"inLanguage\":\"es\"}]}<\/script>\n<!-- \/ Yoast SEO plugin. -->","yoast_head_json":{"title":"Novedades - DORI MEDIA","robots":{"index":"index","follow":"follow","max-snippet":"max-snippet:-1","max-image-preview":"max-image-preview:large","max-video-preview":"max-video-preview:-1"},"canonical":"https:\/\/dorimedia.com\/newproducts\/","og_locale":"es_ES","og_type":"article","og_title":"Novedades - DORI MEDIA","og_description":"[vc_row content_placement=\u00bbmiddle\u00bb css=\u00bb.vc_custom_1474873492326{margin-top: 0px !important;padding-top: 0px !important;}\u00bb][vc_column][vc_empty_space][vc_column_text] [\/vc_column_text][\/vc_column][\/vc_row]","og_url":"https:\/\/dorimedia.com\/newproducts\/","og_site_name":"DORI MEDIA","article_modified_time":"2016-12-26T16:24:35+00:00","twitter_card":"summary_large_image","schema":{"@context":"https:\/\/schema.org","@graph":[{"@type":"WebPage","@id":"https:\/\/dorimedia.com\/newproducts\/","url":"https:\/\/dorimedia.com\/newproducts\/","name":"Novedades - DORI MEDIA","isPartOf":{"@id":"https:\/\/dorimedia.com\/#website"},"datePublished":"2016-09-13T14:15:05+00:00","dateModified":"2016-12-26T16:24:35+00:00","breadcrumb":{"@id":"https:\/\/dorimedia.com\/newproducts\/#breadcrumb"},"inLanguage":"es","potentialAction":[{"@type":"ReadAction","target":["https:\/\/dorimedia.com\/newproducts\/"]}]},{"@type":"BreadcrumbList","@id":"https:\/\/dorimedia.com\/newproducts\/#breadcrumb","itemListElement":[{"@type":"ListItem","position":1,"name":"Home","item":"https:\/\/dorimedia.com\/"},{"@type":"ListItem","position":2,"name":"New Products"}]},{"@type":"WebSite","@id":"https:\/\/dorimedia.com\/#website","url":"https:\/\/dorimedia.com\/","name":"DORI MEDIA","description":"Dori Media is an international group of media companies with offices is Israel, Switzerland, Argentina and the USA. The groups&#039; business includes production, broadcast (TV channels), distribution and technical services.","potentialAction":[{"@type":"SearchAction","target":{"@type":"EntryPoint","urlTemplate":"https:\/\/dorimedia.com\/?s={search_term_string}"},"query-input":{"@type":"PropertyValueSpecification","valueRequired":true,"valueName":"search_term_string"}}],"inLanguage":"es"}]}},"_links":{"self":[{"href":"https:\/\/dorimedia.com\/es\/wp-json\/wp\/v2\/pages\/1984","targetHints":{"allow":["GET"]}}],"collection":[{"href":"https:\/\/dorimedia.com\/es\/wp-json\/wp\/v2\/pages"}],"about":[{"href":"https:\/\/dorimedia.com\/es\/wp-json\/wp\/v2\/types\/page"}],"author":[{"embeddable":true,"href":"https:\/\/dorimedia.com\/es\/wp-json\/wp\/v2\/users\/1"}],"replies":[{"embeddable":true,"href":"https:\/\/dorimedia.com\/es\/wp-json\/wp\/v2\/comments?post=1984"}],"version-history":[{"count":11,"href":"https:\/\/dorimedia.com\/es\/wp-json\/wp\/v2\/pages\/1984\/revisions"}],"predecessor-version":[{"id":2857,"href":"https:\/\/dorimedia.com\/es\/wp-json\/wp\/v2\/pages\/1984\/revisions\/2857"}],"wp:attachment":[{"href":"https:\/\/dorimedia.com\/es\/wp-json\/wp\/v2\/media?parent=1984"}],"curies":[{"name":"wp","href":"https:\/\/api.w.org\/{rel}","templated":true}]}}