{"id":2105,"date":"2016-09-18T07:44:45","date_gmt":"2016-09-18T07:44:45","guid":{"rendered":"https:\/\/dorimedia.com\/?page_id=2105"},"modified":"2025-12-21T13:27:48","modified_gmt":"2025-12-21T13:27:48","slug":"distribution","status":"publish","type":"page","link":"https:\/\/dorimedia.com\/es\/what-we-do\/distribution\/","title":{"rendered":"DISTRIBUCI\u00d3N"},"content":{"rendered":"<div class=\"wpb-content-wrapper\"><p>[vc_row css=\u00bb.vc_custom_1474525678707{margin-bottom: 0px !important;border-top-width: 15px !important;border-bottom-width: 0px !important;padding-top: 20px !important;padding-bottom: 0px !important;}\u00bb][vc_column][vc_column_text]<\/p>\n<h2><span style=\"color: #33cccc;\">DISTRIBUCI\u00d3N<\/span><\/h2>\n<p>[\/vc_column_text][\/vc_column][vc_column width=\u00bb1\/2&#8243;][vc_column_text]Dori Media Distribution es una de las empresas de distribuci\u00f3n m\u00e1s grandes de Israel con un cat\u00e1logo muy diversificado que incluye todos los g\u00e9neros: dramas (semanales y tiras diarias), comedias, entretenimiento, reality shows y docu-realities, con foco en los programas para ni\u00f1os y adolescentes.<\/p>\n<p>DMD distribuye alrededor de 7.500 horas de TV, m\u00e1s de 7.000 clips de 3 minutos, 120 episodios web de 9 minutos y alrededor de 550 episodios para celular de entre 1 y 5 minutos de telenovelas y tiras diarias que se venden a una amplia gama de audiencias en m\u00e1s de 100 pa\u00edses.<\/p>\n<p>Con oficinas en Suiza, Israel, Argentina, Espa\u00f1a y Singapur, DMD no s\u00f3lo distribuye sus propios programas, sino que tambi\u00e9n es la opci\u00f3n que eligen otras productoras y propietarios de formatos para actuar como su distribuidor en el mercado internacional.<\/p>\n<p>El cat\u00e1logo de distribuci\u00f3n de DMD incluye \u00e9xitos internacionales tales como \u201cBe\u2019 Tipul\u201d (In Treatment), \u201cLalola\u201d, \u201cRebelde Way\u201d, \u201cCiega a Citas\u201d, \u201cSmart Face\/ Lo Sabe No Lo Sabe\u201d, \u201cPower couple\u201d, \u00abLosing Alice\u00bb, \u00abDumb\u00bb, \u00abNormal\u00bb etc.[\/vc_column_text][\/vc_column][vc_column width=\u00bb1\/2&#8243;][vc_single_image image=\u00bb3565&#8243; img_size=\u00bbfull\u00bb][\/vc_column][\/vc_row][vc_row css=\u00bb.vc_custom_1474526002711{margin-top: 0px !important;margin-bottom: 0px !important;border-top-width: 0px !important;border-bottom-width: 0px !important;padding-top: 0px !important;padding-bottom: 0px !important;}\u00bb][vc_column][vc_column_text]<\/p>\n<h2><span style=\"color: #33cccc;\">Equipo de Ventas<\/span><\/h2>\n<p>[\/vc_column_text][\/vc_column][vc_column width=\u00bb1\/2&#8243;][vc_separator][vc_row_inner][vc_column_inner width=\u00bb1\/2&#8243;][vc_single_image image=\u00bb4101&#8243; img_size=\u00bbfull\u00bb style=\u00bbvc_box_shadow_border\u00bb][\/vc_column_inner][vc_column_inner width=\u00bb1\/2&#8243;][vc_column_text]<b>Carolina Sabbag<br \/>\n<\/b>VP Sales, Dori Media Distribution<\/p>\n<p>Territories:<\/p>\n<ul>\n<li class=\"m_7527186797571653165MsoListParagraph\">Western Europe<u><\/u><u><\/u><\/li>\n<li class=\"m_7527186797571653165MsoListParagraph\">USA<u><\/u><u><\/u><\/li>\n<li class=\"m_7527186797571653165MsoListParagraph\">Canada<\/li>\n<\/ul>\n<p><a href=\"mailto:carolina@dorimedia.com\">@ Contact Carolina Sabbag<\/a> (<a href=\"mailto:carolina@dorimedia.com\">carolina@dorimedia.com<\/a>)[\/vc_column_text][\/vc_column_inner][\/vc_row_inner][\/vc_column][vc_column width=\u00bb1\/2&#8243;][vc_separator][vc_row_inner][vc_column_inner width=\u00bb1\/2&#8243;][vc_single_image image=\u00bb4052&#8243; img_size=\u00bbfull\u00bb style=\u00bbvc_box_shadow_border\u00bb][\/vc_column_inner][vc_column_inner width=\u00bb1\/2&#8243;][vc_column_text]<strong>Maria P\u00e8rez Campi<br \/>\n<\/strong>Director of Sales, Dori Media Distribution Argentina<\/p>\n<p>Territories:<\/p>\n<ul>\n<li style=\"list-style-type: none;\">\n<ul>\n<li>Latin America<\/li>\n<li>US Hispanic<\/li>\n<\/ul>\n<\/li>\n<\/ul>\n<p><a href=\"mailto:maria@dorimedia.com\">@ Contact Maria P\u00e8rez Campi<\/a> (<a href=\"mailto:maria@dorimedia.com\">maria@dorimedia.com<\/a>)[\/vc_column_text][\/vc_column_inner][\/vc_row_inner][\/vc_column][\/vc_row][vc_row css=\u00bb.vc_custom_1474526002711{margin-top: 0px !important;margin-bottom: 0px !important;border-top-width: 0px !important;border-bottom-width: 0px !important;padding-top: 0px !important;padding-bottom: 0px !important;}\u00bb][vc_column width=\u00bb1\/2&#8243;][vc_separator][vc_row_inner][vc_column_inner width=\u00bb1\/2&#8243;][vc_single_image image=\u00bb4053&#8243; img_size=\u00bbfull\u00bb style=\u00bbvc_box_shadow_border\u00bb][\/vc_column_inner][vc_column_inner width=\u00bb1\/2&#8243;][vc_column_text css=\u00bb\u00bb]<b>Camila Premet<br \/>\n<\/b>Sales Manager, Dori Media Distribution Argentina<\/p>\n<p>Territories:<a href=\"mailto:maria@dorimedia.com\">\u00a0<\/a><\/p>\n<ul>\n<li>Central &amp; Eastern Europe<\/li>\n<li>UK<\/li>\n<li>Australia &amp; New Zealand<\/li>\n<li>Asia<\/li>\n<li>Middle East<\/li>\n<li>Africa<\/li>\n<\/ul>\n<p><a href=\"mailto:camila.p@dorimedia.com\">@ Contact Camila Premet<\/a> (<a href=\"mailto:camila.p@dorimedia.com\">camila.p@dorimedia.com<\/a>)[\/vc_column_text][\/vc_column_inner][\/vc_row_inner][vc_separator][\/vc_column][vc_column width=\u00bb1\/2&#8243;][vc_separator][vc_row_inner][vc_column_inner width=\u00bb1\/2&#8243;][vc_single_image image=\u00bb3990&#8243; img_size=\u00bbfull\u00bb style=\u00bbvc_box_shadow_border\u00bb][\/vc_column_inner][vc_column_inner width=\u00bb1\/2&#8243;][vc_column_text]<b>Devdatta Potnis<br \/>\n<\/b>Gerente de Ventas, Dori Media Distribution Argentina<\/p>\n<p>Territorios:<a href=\"mailto:dev@dorimedia.com\">\u00a0<\/a><\/p>\n<ul>\n<li style=\"list-style-type: none;\">\n<ul>\n<li>India<\/li>\n<\/ul>\n<\/li>\n<\/ul>\n<p><a href=\"mailto:dev@dorimedia.com\" rel=\"noreferrer\">@ Contactar a\u00a0<\/a><a href=\"mailto:dev@dorimedia.com\"> Devdatta Potnis <\/a> (<a href=\"mailto:dev@dorimedia.com\">dev@dorimedia.com<\/a>)[\/vc_column_text][\/vc_column_inner][\/vc_row_inner][vc_separator][\/vc_column][\/vc_row][vc_row css=\u00bb.vc_custom_1474525623260{margin-top: 0px !important;border-top-width: 0px !important;padding-top: 0px !important;}\u00bb][vc_column width=\u00bb1\/2&#8243;][vc_empty_space][\/vc_column][\/vc_row][vc_row css=\u00bb.vc_custom_1474271948088{background-color: #e8e8e8 !important;}\u00bb][vc_column width=\u00bb1\/3&#8243;]<div class=\"btn-container text-center\"><a href=\"http:\/\/dorimedia.com\/what-we-do\/film\/\" class=\"btn btn-dark-out  \" >Anterior<\/a><\/div>[vc_empty_space height=\u00bb15px\u00bb][\/vc_column][vc_column width=\u00bb1\/3&#8243;]<div class=\"btn-container text-center\"><a href=\"http:\/\/dorimedia.com\/what-we-do\/\" class=\"btn btn-dark-out  \" ><i class=\"icon-grid\"><\/i><\/a><\/div>[vc_empty_space height=\u00bb15px\u00bb][\/vc_column][vc_column width=\u00bb1\/3&#8243;]<div class=\"btn-container text-center\"><a href=\"http:\/\/dorimedia.com\/what-we-do\/tv-channels\/\" class=\"btn btn-dark-out  \" >Siguiente<\/a><\/div>[vc_empty_space height=\u00bb15px\u00bb][\/vc_column][\/vc_row]<\/p>\n<\/div>","protected":false},"excerpt":{"rendered":"<p>[vc_row css=\u00bb.vc_custom_1474525678707{margin-bottom: 0px !important;border-top-width: 15px !important;border-bottom-width: 0px !important;padding-top: 20px !important;padding-bottom: 0px !important;}\u00bb][vc_column][vc_column_text] DISTRIBUCI\u00d3N [\/vc_column_text][\/vc_column][vc_column width=\u00bb1\/2&#8243;][vc_column_text]Dori Media Distribution es una de las empresas de distribuci\u00f3n m\u00e1s grandes de Israel con un cat\u00e1logo muy diversificado que incluye todos los g\u00e9neros: dramas (semanales y tiras diarias), comedias, entretenimiento, reality shows y docu-realities, con foco en los programas para[&#8230;] <\/p>\n<p class=\"mt-15\"><a class=\"btn btn-color btn-sm\" href=\"https:\/\/dorimedia.com\/es\/what-we-do\/distribution\/\">Read More<\/a><\/p>\n","protected":false},"author":1,"featured_media":0,"parent":2125,"menu_order":14,"comment_status":"closed","ping_status":"closed","template":"","meta":{"footnotes":""},"class_list":["post-2105","page","type-page","status-publish","hentry"],"yoast_head":"<!-- This site is optimized with the Yoast SEO plugin v27.4 - https:\/\/yoast.com\/product\/yoast-seo-wordpress\/ -->\n<title>DISTRIBUCI\u00d3N - DORI MEDIA<\/title>\n<meta name=\"robots\" content=\"index, follow, max-snippet:-1, max-image-preview:large, max-video-preview:-1\" \/>\n<link rel=\"canonical\" href=\"https:\/\/dorimedia.com\/what-we-do\/distribution\/\" \/>\n<meta property=\"og:locale\" content=\"es_ES\" \/>\n<meta property=\"og:type\" content=\"article\" \/>\n<meta property=\"og:title\" content=\"DISTRIBUCI\u00d3N - DORI MEDIA\" \/>\n<meta property=\"og:description\" content=\"[vc_row css=\u00bb.vc_custom_1474525678707{margin-bottom: 0px !important;border-top-width: 15px !important;border-bottom-width: 0px !important;padding-top: 20px !important;padding-bottom: 0px !important;}\u00bb][vc_column][vc_column_text] DISTRIBUCI\u00d3N [\/vc_column_text][\/vc_column][vc_column width=\u00bb1\/2&#8243;][vc_column_text]Dori Media Distribution es una de las empresas de distribuci\u00f3n m\u00e1s grandes de Israel con un cat\u00e1logo muy diversificado que incluye todos los g\u00e9neros: dramas (semanales y tiras diarias), comedias, entretenimiento, reality shows y docu-realities, con foco en los programas para[...] Read More\" \/>\n<meta property=\"og:url\" content=\"https:\/\/dorimedia.com\/what-we-do\/distribution\/\" \/>\n<meta property=\"og:site_name\" content=\"DORI MEDIA\" \/>\n<meta property=\"article:modified_time\" content=\"2025-12-21T13:27:48+00:00\" \/>\n<meta name=\"twitter:card\" content=\"summary_large_image\" \/>\n<meta name=\"twitter:label1\" content=\"Tiempo de lectura\" \/>\n\t<meta name=\"twitter:data1\" content=\"5 minutos\" \/>\n<script type=\"application\/ld+json\" class=\"yoast-schema-graph\">{\"@context\":\"https:\\\/\\\/schema.org\",\"@graph\":[{\"@type\":\"WebPage\",\"@id\":\"https:\\\/\\\/dorimedia.com\\\/what-we-do\\\/distribution\\\/\",\"url\":\"https:\\\/\\\/dorimedia.com\\\/what-we-do\\\/distribution\\\/\",\"name\":\"DISTRIBUCI\u00d3N - DORI MEDIA\",\"isPartOf\":{\"@id\":\"https:\\\/\\\/dorimedia.com\\\/#website\"},\"datePublished\":\"2016-09-18T07:44:45+00:00\",\"dateModified\":\"2025-12-21T13:27:48+00:00\",\"breadcrumb\":{\"@id\":\"https:\\\/\\\/dorimedia.com\\\/what-we-do\\\/distribution\\\/#breadcrumb\"},\"inLanguage\":\"es\",\"potentialAction\":[{\"@type\":\"ReadAction\",\"target\":[\"https:\\\/\\\/dorimedia.com\\\/what-we-do\\\/distribution\\\/\"]}]},{\"@type\":\"BreadcrumbList\",\"@id\":\"https:\\\/\\\/dorimedia.com\\\/what-we-do\\\/distribution\\\/#breadcrumb\",\"itemListElement\":[{\"@type\":\"ListItem\",\"position\":1,\"name\":\"Home\",\"item\":\"https:\\\/\\\/dorimedia.com\\\/\"},{\"@type\":\"ListItem\",\"position\":2,\"name\":\"WHAT WE DO\",\"item\":\"https:\\\/\\\/dorimedia.com\\\/what-we-do\\\/\"},{\"@type\":\"ListItem\",\"position\":3,\"name\":\"DISTRIBUTION\"}]},{\"@type\":\"WebSite\",\"@id\":\"https:\\\/\\\/dorimedia.com\\\/#website\",\"url\":\"https:\\\/\\\/dorimedia.com\\\/\",\"name\":\"DORI MEDIA\",\"description\":\"Dori Media is an international group of media companies with offices is Israel, Switzerland, Argentina and the USA. The groups&#039; business includes production, broadcast (TV channels), distribution and technical services.\",\"potentialAction\":[{\"@type\":\"SearchAction\",\"target\":{\"@type\":\"EntryPoint\",\"urlTemplate\":\"https:\\\/\\\/dorimedia.com\\\/?s={search_term_string}\"},\"query-input\":{\"@type\":\"PropertyValueSpecification\",\"valueRequired\":true,\"valueName\":\"search_term_string\"}}],\"inLanguage\":\"es\"}]}<\/script>\n<!-- \/ Yoast SEO plugin. -->","yoast_head_json":{"title":"DISTRIBUCI\u00d3N - DORI MEDIA","robots":{"index":"index","follow":"follow","max-snippet":"max-snippet:-1","max-image-preview":"max-image-preview:large","max-video-preview":"max-video-preview:-1"},"canonical":"https:\/\/dorimedia.com\/what-we-do\/distribution\/","og_locale":"es_ES","og_type":"article","og_title":"DISTRIBUCI\u00d3N - DORI MEDIA","og_description":"[vc_row css=\u00bb.vc_custom_1474525678707{margin-bottom: 0px !important;border-top-width: 15px !important;border-bottom-width: 0px !important;padding-top: 20px !important;padding-bottom: 0px !important;}\u00bb][vc_column][vc_column_text] DISTRIBUCI\u00d3N [\/vc_column_text][\/vc_column][vc_column width=\u00bb1\/2&#8243;][vc_column_text]Dori Media Distribution es una de las empresas de distribuci\u00f3n m\u00e1s grandes de Israel con un cat\u00e1logo muy diversificado que incluye todos los g\u00e9neros: dramas (semanales y tiras diarias), comedias, entretenimiento, reality shows y docu-realities, con foco en los programas para[...] Read More","og_url":"https:\/\/dorimedia.com\/what-we-do\/distribution\/","og_site_name":"DORI MEDIA","article_modified_time":"2025-12-21T13:27:48+00:00","twitter_card":"summary_large_image","twitter_misc":{"Tiempo de lectura":"5 minutos"},"schema":{"@context":"https:\/\/schema.org","@graph":[{"@type":"WebPage","@id":"https:\/\/dorimedia.com\/what-we-do\/distribution\/","url":"https:\/\/dorimedia.com\/what-we-do\/distribution\/","name":"DISTRIBUCI\u00d3N - DORI MEDIA","isPartOf":{"@id":"https:\/\/dorimedia.com\/#website"},"datePublished":"2016-09-18T07:44:45+00:00","dateModified":"2025-12-21T13:27:48+00:00","breadcrumb":{"@id":"https:\/\/dorimedia.com\/what-we-do\/distribution\/#breadcrumb"},"inLanguage":"es","potentialAction":[{"@type":"ReadAction","target":["https:\/\/dorimedia.com\/what-we-do\/distribution\/"]}]},{"@type":"BreadcrumbList","@id":"https:\/\/dorimedia.com\/what-we-do\/distribution\/#breadcrumb","itemListElement":[{"@type":"ListItem","position":1,"name":"Home","item":"https:\/\/dorimedia.com\/"},{"@type":"ListItem","position":2,"name":"WHAT WE DO","item":"https:\/\/dorimedia.com\/what-we-do\/"},{"@type":"ListItem","position":3,"name":"DISTRIBUTION"}]},{"@type":"WebSite","@id":"https:\/\/dorimedia.com\/#website","url":"https:\/\/dorimedia.com\/","name":"DORI MEDIA","description":"Dori Media is an international group of media companies with offices is Israel, Switzerland, Argentina and the USA. The groups&#039; business includes production, broadcast (TV channels), distribution and technical services.","potentialAction":[{"@type":"SearchAction","target":{"@type":"EntryPoint","urlTemplate":"https:\/\/dorimedia.com\/?s={search_term_string}"},"query-input":{"@type":"PropertyValueSpecification","valueRequired":true,"valueName":"search_term_string"}}],"inLanguage":"es"}]}},"_links":{"self":[{"href":"https:\/\/dorimedia.com\/es\/wp-json\/wp\/v2\/pages\/2105","targetHints":{"allow":["GET"]}}],"collection":[{"href":"https:\/\/dorimedia.com\/es\/wp-json\/wp\/v2\/pages"}],"about":[{"href":"https:\/\/dorimedia.com\/es\/wp-json\/wp\/v2\/types\/page"}],"author":[{"embeddable":true,"href":"https:\/\/dorimedia.com\/es\/wp-json\/wp\/v2\/users\/1"}],"replies":[{"embeddable":true,"href":"https:\/\/dorimedia.com\/es\/wp-json\/wp\/v2\/comments?post=2105"}],"version-history":[{"count":4,"href":"https:\/\/dorimedia.com\/es\/wp-json\/wp\/v2\/pages\/2105\/revisions"}],"predecessor-version":[{"id":4148,"href":"https:\/\/dorimedia.com\/es\/wp-json\/wp\/v2\/pages\/2105\/revisions\/4148"}],"up":[{"embeddable":true,"href":"https:\/\/dorimedia.com\/es\/wp-json\/wp\/v2\/pages\/2125"}],"wp:attachment":[{"href":"https:\/\/dorimedia.com\/es\/wp-json\/wp\/v2\/media?parent=2105"}],"curies":[{"name":"wp","href":"https:\/\/api.w.org\/{rel}","templated":true}]}}