{"id":2125,"date":"2016-09-18T08:25:33","date_gmt":"2016-09-18T08:25:33","guid":{"rendered":"https:\/\/dorimedia.com\/?page_id=2125"},"modified":"2024-03-17T11:35:41","modified_gmt":"2024-03-17T11:35:41","slug":"what-we-do","status":"publish","type":"page","link":"https:\/\/dorimedia.com\/es\/what-we-do\/","title":{"rendered":"Qu\u00e9 hacemos"},"content":{"rendered":"<div class=\"wpb-content-wrapper\"><p>[vc_row full_width=\u00bbstretch_row_content_no_spaces\u00bb title=\u00bbExpertise\u00bb subtitle=\u00bbThis is what we love to do.\u00bb css=\u00bb.vc_custom_1474888080113{border-bottom-width: 0px !important;padding-top: 0px !important;padding-bottom: 0px !important;}\u00bb][vc_column]<div class=\"services\"><div class=\"vc_col-md-4 vc_col-sm-6 vc_col-xs-12 border-top border-right border-bottom border-left\"><div class=\"service\"><i class=\"icon-focus\"><\/i><span class=\"back-icon\"><i class=\"icon-focus\"><\/i><\/span><h4>Producci\u00f3n<\/h4><hr><p class=\"alt-paragraph\">Dori Media produce, tanto en Israel como en Argentina, gran variedad de programas, desde tiras diarias y programas de prime time hasta programas de entretenimientos, infantiles y formatos para nuevos medios.<\/p><\/div><a class=\"service-link\"  href=\"https:\/\/dorimedia.com\/es\/what-we-do\/production\/\" title=\"\"><\/a><\/div><div class=\"vc_col-md-4 vc_col-sm-6 vc_col-xs-12 border-top border-right border-bottom border-left\"><div class=\"service\"><i class=\"icon-presentation\"><\/i><span class=\"back-icon\"><i class=\"icon-presentation\"><\/i><\/span><h4>Distribuci\u00f3n<\/h4><hr><p class=\"alt-paragraph\">Dori Media Distribution es una de las empresas de distribuci\u00f3n m\u00e1s grandes de Israel con un cat\u00e1logo muy diversificado que incluye todos los g\u00e9neros.<\/p><\/div><a class=\"service-link\"  href=\"https:\/\/dorimedia.com\/es\/what-we-do\/distribution\/\" title=\"\"><\/a><\/div><div class=\"vc_col-md-4 vc_col-sm-6 vc_col-xs-12 border-top border-right border-bottom border-left\"><div class=\"service\"><i class=\"icon-global\"><\/i><span class=\"back-icon\"><i class=\"icon-global\"><\/i><\/span><h4>Medios digitales:<\/h4><hr><p class=\"alt-paragraph\">Entre las actividades digitales de Dori Media se encuentran las siguientes: el sitio Dorimedia.com, los canales de YouTube, Viva VOD, redes sociales, dorimediadistribution.com.<\/p><\/div><a class=\"service-link\"  href=\"https:\/\/dorimedia.com\/es\/what-we-do\/digital\/\" title=\"\"><\/a><\/div><div class=\"vc_col-md-4 vc_col-sm-6 vc_col-xs-12 border-top border-right border-bottom border-left\"><div class=\"service\"><i class=\"icon-heart\"><\/i><span class=\"back-icon\"><i class=\"icon-heart\"><\/i><\/span><h4>Nuevos productos<\/h4><hr><p class=\"alt-paragraph\">Dori Media est\u00e1 orgulloso de presentar<\/p><\/div><a class=\"service-link\"  href=\"https:\/\/dorimedia.com\/es\/newproducts\/\" title=\"\"><\/a><\/div><\/div>[\/vc_column][\/vc_row]<\/p>\n<\/div>","protected":false},"excerpt":{"rendered":"<p>[vc_row full_width=\u00bbstretch_row_content_no_spaces\u00bb title=\u00bbExpertise\u00bb subtitle=\u00bbThis is what we love to do.\u00bb css=\u00bb.vc_custom_1474888080113{border-bottom-width: 0px !important;padding-top: 0px !important;padding-bottom: 0px !important;}\u00bb][vc_column][\/vc_column][\/vc_row]<\/p>\n","protected":false},"author":1,"featured_media":0,"parent":0,"menu_order":18,"comment_status":"closed","ping_status":"closed","template":"","meta":{"footnotes":""},"class_list":["post-2125","page","type-page","status-publish","hentry"],"yoast_head":"<!-- This site is optimized with the Yoast SEO plugin v27.3 - https:\/\/yoast.com\/product\/yoast-seo-wordpress\/ -->\n<title>Qu\u00e9 hacemos - DORI MEDIA<\/title>\n<meta name=\"robots\" content=\"index, follow, max-snippet:-1, max-image-preview:large, max-video-preview:-1\" \/>\n<link rel=\"canonical\" href=\"https:\/\/dorimedia.com\/what-we-do\/\" \/>\n<meta property=\"og:locale\" content=\"es_ES\" \/>\n<meta property=\"og:type\" content=\"article\" \/>\n<meta property=\"og:title\" content=\"Qu\u00e9 hacemos - DORI MEDIA\" \/>\n<meta property=\"og:description\" content=\"[vc_row full_width=\u00bbstretch_row_content_no_spaces\u00bb title=\u00bbExpertise\u00bb subtitle=\u00bbThis is what we love to do.\u00bb css=\u00bb.vc_custom_1474888080113{border-bottom-width: 0px !important;padding-top: 0px !important;padding-bottom: 0px !important;}\u00bb][vc_column][\/vc_column][\/vc_row]\" \/>\n<meta property=\"og:url\" content=\"https:\/\/dorimedia.com\/what-we-do\/\" \/>\n<meta property=\"og:site_name\" content=\"DORI MEDIA\" \/>\n<meta property=\"article:modified_time\" content=\"2024-03-17T11:35:41+00:00\" \/>\n<meta name=\"twitter:card\" content=\"summary_large_image\" \/>\n<meta name=\"twitter:label1\" content=\"Tiempo de lectura\" \/>\n\t<meta name=\"twitter:data1\" content=\"2 minutos\" \/>\n<script type=\"application\/ld+json\" class=\"yoast-schema-graph\">{\"@context\":\"https:\\\/\\\/schema.org\",\"@graph\":[{\"@type\":\"WebPage\",\"@id\":\"https:\\\/\\\/dorimedia.com\\\/what-we-do\\\/\",\"url\":\"https:\\\/\\\/dorimedia.com\\\/what-we-do\\\/\",\"name\":\"Qu\u00e9 hacemos - DORI MEDIA\",\"isPartOf\":{\"@id\":\"https:\\\/\\\/dorimedia.com\\\/#website\"},\"datePublished\":\"2016-09-18T08:25:33+00:00\",\"dateModified\":\"2024-03-17T11:35:41+00:00\",\"breadcrumb\":{\"@id\":\"https:\\\/\\\/dorimedia.com\\\/what-we-do\\\/#breadcrumb\"},\"inLanguage\":\"es\",\"potentialAction\":[{\"@type\":\"ReadAction\",\"target\":[\"https:\\\/\\\/dorimedia.com\\\/what-we-do\\\/\"]}]},{\"@type\":\"BreadcrumbList\",\"@id\":\"https:\\\/\\\/dorimedia.com\\\/what-we-do\\\/#breadcrumb\",\"itemListElement\":[{\"@type\":\"ListItem\",\"position\":1,\"name\":\"Home\",\"item\":\"https:\\\/\\\/dorimedia.com\\\/\"},{\"@type\":\"ListItem\",\"position\":2,\"name\":\"WHAT WE DO\"}]},{\"@type\":\"WebSite\",\"@id\":\"https:\\\/\\\/dorimedia.com\\\/#website\",\"url\":\"https:\\\/\\\/dorimedia.com\\\/\",\"name\":\"DORI MEDIA\",\"description\":\"Dori Media is an international group of media companies with offices is Israel, Switzerland, Argentina and the USA. The groups&#039; business includes production, broadcast (TV channels), distribution and technical services.\",\"potentialAction\":[{\"@type\":\"SearchAction\",\"target\":{\"@type\":\"EntryPoint\",\"urlTemplate\":\"https:\\\/\\\/dorimedia.com\\\/?s={search_term_string}\"},\"query-input\":{\"@type\":\"PropertyValueSpecification\",\"valueRequired\":true,\"valueName\":\"search_term_string\"}}],\"inLanguage\":\"es\"}]}<\/script>\n<!-- \/ Yoast SEO plugin. -->","yoast_head_json":{"title":"Qu\u00e9 hacemos - DORI MEDIA","robots":{"index":"index","follow":"follow","max-snippet":"max-snippet:-1","max-image-preview":"max-image-preview:large","max-video-preview":"max-video-preview:-1"},"canonical":"https:\/\/dorimedia.com\/what-we-do\/","og_locale":"es_ES","og_type":"article","og_title":"Qu\u00e9 hacemos - DORI MEDIA","og_description":"[vc_row full_width=\u00bbstretch_row_content_no_spaces\u00bb title=\u00bbExpertise\u00bb subtitle=\u00bbThis is what we love to do.\u00bb css=\u00bb.vc_custom_1474888080113{border-bottom-width: 0px !important;padding-top: 0px !important;padding-bottom: 0px !important;}\u00bb][vc_column][\/vc_column][\/vc_row]","og_url":"https:\/\/dorimedia.com\/what-we-do\/","og_site_name":"DORI MEDIA","article_modified_time":"2024-03-17T11:35:41+00:00","twitter_card":"summary_large_image","twitter_misc":{"Tiempo de lectura":"2 minutos"},"schema":{"@context":"https:\/\/schema.org","@graph":[{"@type":"WebPage","@id":"https:\/\/dorimedia.com\/what-we-do\/","url":"https:\/\/dorimedia.com\/what-we-do\/","name":"Qu\u00e9 hacemos - DORI MEDIA","isPartOf":{"@id":"https:\/\/dorimedia.com\/#website"},"datePublished":"2016-09-18T08:25:33+00:00","dateModified":"2024-03-17T11:35:41+00:00","breadcrumb":{"@id":"https:\/\/dorimedia.com\/what-we-do\/#breadcrumb"},"inLanguage":"es","potentialAction":[{"@type":"ReadAction","target":["https:\/\/dorimedia.com\/what-we-do\/"]}]},{"@type":"BreadcrumbList","@id":"https:\/\/dorimedia.com\/what-we-do\/#breadcrumb","itemListElement":[{"@type":"ListItem","position":1,"name":"Home","item":"https:\/\/dorimedia.com\/"},{"@type":"ListItem","position":2,"name":"WHAT WE DO"}]},{"@type":"WebSite","@id":"https:\/\/dorimedia.com\/#website","url":"https:\/\/dorimedia.com\/","name":"DORI MEDIA","description":"Dori Media is an international group of media companies with offices is Israel, Switzerland, Argentina and the USA. The groups&#039; business includes production, broadcast (TV channels), distribution and technical services.","potentialAction":[{"@type":"SearchAction","target":{"@type":"EntryPoint","urlTemplate":"https:\/\/dorimedia.com\/?s={search_term_string}"},"query-input":{"@type":"PropertyValueSpecification","valueRequired":true,"valueName":"search_term_string"}}],"inLanguage":"es"}]}},"_links":{"self":[{"href":"https:\/\/dorimedia.com\/es\/wp-json\/wp\/v2\/pages\/2125","targetHints":{"allow":["GET"]}}],"collection":[{"href":"https:\/\/dorimedia.com\/es\/wp-json\/wp\/v2\/pages"}],"about":[{"href":"https:\/\/dorimedia.com\/es\/wp-json\/wp\/v2\/types\/page"}],"author":[{"embeddable":true,"href":"https:\/\/dorimedia.com\/es\/wp-json\/wp\/v2\/users\/1"}],"replies":[{"embeddable":true,"href":"https:\/\/dorimedia.com\/es\/wp-json\/wp\/v2\/comments?post=2125"}],"version-history":[{"count":2,"href":"https:\/\/dorimedia.com\/es\/wp-json\/wp\/v2\/pages\/2125\/revisions"}],"predecessor-version":[{"id":3877,"href":"https:\/\/dorimedia.com\/es\/wp-json\/wp\/v2\/pages\/2125\/revisions\/3877"}],"wp:attachment":[{"href":"https:\/\/dorimedia.com\/es\/wp-json\/wp\/v2\/media?parent=2125"}],"curies":[{"name":"wp","href":"https:\/\/api.w.org\/{rel}","templated":true}]}}