{"id":2136,"date":"2016-09-18T08:45:59","date_gmt":"2016-09-18T08:45:59","guid":{"rendered":"https:\/\/dorimedia.com\/?page_id=2136"},"modified":"2024-03-31T08:36:20","modified_gmt":"2024-03-31T08:36:20","slug":"digital","status":"publish","type":"page","link":"https:\/\/dorimedia.com\/es\/what-we-do\/digital\/","title":{"rendered":"MEDIOS DIGITALES"},"content":{"rendered":"<div class=\"wpb-content-wrapper\"><p>[vc_row css=\u00bb.vc_custom_1474530789126{border-top-width: 15px !important;padding-top: 25px !important;}\u00bb][vc_column][vc_column_text]<\/p>\n<h2><span style=\"color: #22ae4d;\">MEDIOS DIGITALES<\/span><\/h2>\n<p>[\/vc_column_text][\/vc_column][vc_column width=\u00bb1\/2&#8243;][vc_column_text]Dori Media ha estado desarrollando su presencia en las plataformas digitales desde 2007. La empresa fue uno de los primeros propietarios de contenidos de televisi\u00f3n de la regi\u00f3n en celebrar un contrato de asociaci\u00f3n con YouTube y asimismo fue una de las primeras empresas de medios en desarrollar un sistema de marketing y distribuci\u00f3n en l\u00ednea como un sitio web cerrado para los clientes de Dori Media.<\/p>\n<p>En 2008, Dori Media fue la primera en producir la telenovela multiplataforma \u201cAmanda O\u201d que ofreci\u00f3 3 versiones del producto: 24 episodios de TV, 120 episodios web y 500 episodios para celular.<\/p>\n<p>In 2009, Dori Media produced \u00abUman\u00bb, the first multi-platform reality format in Israel for one of the biggest cellular companies in Israel which, in addition to its success in Israel, has also been sold to 16 other territories<\/p>\n<p>En 2014, MeMeMe studios fue fundado como parte de la estrategia digital a largo plazo de Dori Media como un productor de contenido y distribuidor en el mercado de r\u00e1pido crecimiento internacional.<\/p>\n<p>Actualmente, adem\u00e1s del sitio web oficial de la empresa, sus actividades digitales incluyen:<\/p>\n<ul>\n<li><strong>Canales de YouTube \u2013<\/strong> La empresa opera 15 canales asociados muy exitosos en la plataforma que ofrecen clips breves y episodios completos de los programas.<\/li>\n<li><strong>Redes sociales \u2013 <\/strong>Operaci\u00f3n de distintas p\u00e1ginas para los programas y canales de televisi\u00f3n de la empresa en las plataformas de redes sociales como Facebook y Twitter.<\/li>\n<li><strong>dorimediadistribution.com \u2013<\/strong> Un sitio web cerrado para los clientes de Dori Media que ofrece todos los materiales pre- y postventa con transmisi\u00f3n de video y archivos descargables disponibles a los clientes seg\u00fan lo requieran.<br \/>\nAdem\u00e1s de las actividades relacionadas con los contenidos y canales propios de la empresa, Dori Media tambi\u00e9n ofrece servicios de operaci\u00f3n y distribuci\u00f3n en plataformas VOD digitales a otros propietarios de contenidos.<\/li>\n<\/ul>\n<p>[\/vc_column_text][\/vc_column][vc_column width=\u00bb1\/2&#8243;][vc_single_image image=\u00bb3586&#8243; img_size=\u00bbfull\u00bb][\/vc_column][\/vc_row][vc_row css=\u00bb.vc_custom_1474530682339{background-color: #f1f1f2 !important;}\u00bb][vc_column width=\u00bb1\/3&#8243;]<div class=\"btn-container text-center\"><a href=\"http:\/\/dorimedia.com\/what-we-do\/technical-services\/\" class=\"btn btn-dark-out  \" >Anterior<\/a><\/div>[vc_empty_space height=\u00bb15px\u00bb][\/vc_column][vc_column width=\u00bb1\/3&#8243;]<div class=\"btn-container text-center\"><a href=\"http:\/\/dorimedia.com\/what-we-do\/\" class=\"btn btn-dark-out  \" ><i class=\"icon-grid\"><\/i><\/a><\/div>[vc_empty_space height=\u00bb15px\u00bb][\/vc_column][vc_column width=\u00bb1\/3&#8243;]<div class=\"btn-container text-center\"><a href=\"http:\/\/dorimedia.com\/what-we-do\/distribution\/\" class=\"btn btn-dark-out  \" >Siguiente<\/a><\/div>[vc_empty_space height=\u00bb15px\u00bb][\/vc_column][\/vc_row]<\/p>\n<\/div>","protected":false},"excerpt":{"rendered":"<p>[vc_row css=\u00bb.vc_custom_1474530789126{border-top-width: 15px !important;padding-top: 25px !important;}\u00bb][vc_column][vc_column_text] MEDIOS DIGITALES [\/vc_column_text][\/vc_column][vc_column width=\u00bb1\/2&#8243;][vc_column_text]Dori Media ha estado desarrollando su presencia en las plataformas digitales desde 2007. La empresa fue uno de los primeros propietarios de contenidos de televisi\u00f3n de la regi\u00f3n en celebrar un contrato de asociaci\u00f3n con YouTube y asimismo fue una de las primeras empresas de medios[&#8230;] <\/p>\n<p class=\"mt-15\"><a class=\"btn btn-color btn-sm\" href=\"https:\/\/dorimedia.com\/es\/what-we-do\/digital\/\">Read More<\/a><\/p>\n","protected":false},"author":1,"featured_media":0,"parent":2125,"menu_order":12,"comment_status":"closed","ping_status":"closed","template":"","meta":{"footnotes":""},"class_list":["post-2136","page","type-page","status-publish","hentry"],"yoast_head":"<!-- This site is optimized with the Yoast SEO plugin v27.4 - https:\/\/yoast.com\/product\/yoast-seo-wordpress\/ -->\n<title>MEDIOS DIGITALES - DORI MEDIA<\/title>\n<meta name=\"robots\" content=\"index, follow, max-snippet:-1, max-image-preview:large, max-video-preview:-1\" \/>\n<link rel=\"canonical\" href=\"https:\/\/dorimedia.com\/what-we-do\/digital\/\" \/>\n<meta property=\"og:locale\" content=\"es_ES\" \/>\n<meta property=\"og:type\" content=\"article\" \/>\n<meta property=\"og:title\" content=\"MEDIOS DIGITALES - DORI MEDIA\" \/>\n<meta property=\"og:description\" content=\"[vc_row css=\u00bb.vc_custom_1474530789126{border-top-width: 15px !important;padding-top: 25px !important;}\u00bb][vc_column][vc_column_text] MEDIOS DIGITALES [\/vc_column_text][\/vc_column][vc_column width=\u00bb1\/2&#8243;][vc_column_text]Dori Media ha estado desarrollando su presencia en las plataformas digitales desde 2007. La empresa fue uno de los primeros propietarios de contenidos de televisi\u00f3n de la regi\u00f3n en celebrar un contrato de asociaci\u00f3n con YouTube y asimismo fue una de las primeras empresas de medios[...] Read More\" \/>\n<meta property=\"og:url\" content=\"https:\/\/dorimedia.com\/what-we-do\/digital\/\" \/>\n<meta property=\"og:site_name\" content=\"DORI MEDIA\" \/>\n<meta property=\"article:modified_time\" content=\"2024-03-31T08:36:20+00:00\" \/>\n<meta name=\"twitter:card\" content=\"summary_large_image\" \/>\n<meta name=\"twitter:label1\" content=\"Tiempo de lectura\" \/>\n\t<meta name=\"twitter:data1\" content=\"4 minutos\" \/>\n<script type=\"application\/ld+json\" class=\"yoast-schema-graph\">{\"@context\":\"https:\\\/\\\/schema.org\",\"@graph\":[{\"@type\":\"WebPage\",\"@id\":\"https:\\\/\\\/dorimedia.com\\\/what-we-do\\\/digital\\\/\",\"url\":\"https:\\\/\\\/dorimedia.com\\\/what-we-do\\\/digital\\\/\",\"name\":\"MEDIOS DIGITALES - DORI MEDIA\",\"isPartOf\":{\"@id\":\"https:\\\/\\\/dorimedia.com\\\/#website\"},\"datePublished\":\"2016-09-18T08:45:59+00:00\",\"dateModified\":\"2024-03-31T08:36:20+00:00\",\"breadcrumb\":{\"@id\":\"https:\\\/\\\/dorimedia.com\\\/what-we-do\\\/digital\\\/#breadcrumb\"},\"inLanguage\":\"es\",\"potentialAction\":[{\"@type\":\"ReadAction\",\"target\":[\"https:\\\/\\\/dorimedia.com\\\/what-we-do\\\/digital\\\/\"]}]},{\"@type\":\"BreadcrumbList\",\"@id\":\"https:\\\/\\\/dorimedia.com\\\/what-we-do\\\/digital\\\/#breadcrumb\",\"itemListElement\":[{\"@type\":\"ListItem\",\"position\":1,\"name\":\"Home\",\"item\":\"https:\\\/\\\/dorimedia.com\\\/\"},{\"@type\":\"ListItem\",\"position\":2,\"name\":\"WHAT WE DO\",\"item\":\"https:\\\/\\\/dorimedia.com\\\/what-we-do\\\/\"},{\"@type\":\"ListItem\",\"position\":3,\"name\":\"DIGITAL\"}]},{\"@type\":\"WebSite\",\"@id\":\"https:\\\/\\\/dorimedia.com\\\/#website\",\"url\":\"https:\\\/\\\/dorimedia.com\\\/\",\"name\":\"DORI MEDIA\",\"description\":\"Dori Media is an international group of media companies with offices is Israel, Switzerland, Argentina and the USA. The groups&#039; business includes production, broadcast (TV channels), distribution and technical services.\",\"potentialAction\":[{\"@type\":\"SearchAction\",\"target\":{\"@type\":\"EntryPoint\",\"urlTemplate\":\"https:\\\/\\\/dorimedia.com\\\/?s={search_term_string}\"},\"query-input\":{\"@type\":\"PropertyValueSpecification\",\"valueRequired\":true,\"valueName\":\"search_term_string\"}}],\"inLanguage\":\"es\"}]}<\/script>\n<!-- \/ Yoast SEO plugin. -->","yoast_head_json":{"title":"MEDIOS DIGITALES - DORI MEDIA","robots":{"index":"index","follow":"follow","max-snippet":"max-snippet:-1","max-image-preview":"max-image-preview:large","max-video-preview":"max-video-preview:-1"},"canonical":"https:\/\/dorimedia.com\/what-we-do\/digital\/","og_locale":"es_ES","og_type":"article","og_title":"MEDIOS DIGITALES - DORI MEDIA","og_description":"[vc_row css=\u00bb.vc_custom_1474530789126{border-top-width: 15px !important;padding-top: 25px !important;}\u00bb][vc_column][vc_column_text] MEDIOS DIGITALES [\/vc_column_text][\/vc_column][vc_column width=\u00bb1\/2&#8243;][vc_column_text]Dori Media ha estado desarrollando su presencia en las plataformas digitales desde 2007. La empresa fue uno de los primeros propietarios de contenidos de televisi\u00f3n de la regi\u00f3n en celebrar un contrato de asociaci\u00f3n con YouTube y asimismo fue una de las primeras empresas de medios[...] Read More","og_url":"https:\/\/dorimedia.com\/what-we-do\/digital\/","og_site_name":"DORI MEDIA","article_modified_time":"2024-03-31T08:36:20+00:00","twitter_card":"summary_large_image","twitter_misc":{"Tiempo de lectura":"4 minutos"},"schema":{"@context":"https:\/\/schema.org","@graph":[{"@type":"WebPage","@id":"https:\/\/dorimedia.com\/what-we-do\/digital\/","url":"https:\/\/dorimedia.com\/what-we-do\/digital\/","name":"MEDIOS DIGITALES - DORI MEDIA","isPartOf":{"@id":"https:\/\/dorimedia.com\/#website"},"datePublished":"2016-09-18T08:45:59+00:00","dateModified":"2024-03-31T08:36:20+00:00","breadcrumb":{"@id":"https:\/\/dorimedia.com\/what-we-do\/digital\/#breadcrumb"},"inLanguage":"es","potentialAction":[{"@type":"ReadAction","target":["https:\/\/dorimedia.com\/what-we-do\/digital\/"]}]},{"@type":"BreadcrumbList","@id":"https:\/\/dorimedia.com\/what-we-do\/digital\/#breadcrumb","itemListElement":[{"@type":"ListItem","position":1,"name":"Home","item":"https:\/\/dorimedia.com\/"},{"@type":"ListItem","position":2,"name":"WHAT WE DO","item":"https:\/\/dorimedia.com\/what-we-do\/"},{"@type":"ListItem","position":3,"name":"DIGITAL"}]},{"@type":"WebSite","@id":"https:\/\/dorimedia.com\/#website","url":"https:\/\/dorimedia.com\/","name":"DORI MEDIA","description":"Dori Media is an international group of media companies with offices is Israel, Switzerland, Argentina and the USA. The groups&#039; business includes production, broadcast (TV channels), distribution and technical services.","potentialAction":[{"@type":"SearchAction","target":{"@type":"EntryPoint","urlTemplate":"https:\/\/dorimedia.com\/?s={search_term_string}"},"query-input":{"@type":"PropertyValueSpecification","valueRequired":true,"valueName":"search_term_string"}}],"inLanguage":"es"}]}},"_links":{"self":[{"href":"https:\/\/dorimedia.com\/es\/wp-json\/wp\/v2\/pages\/2136","targetHints":{"allow":["GET"]}}],"collection":[{"href":"https:\/\/dorimedia.com\/es\/wp-json\/wp\/v2\/pages"}],"about":[{"href":"https:\/\/dorimedia.com\/es\/wp-json\/wp\/v2\/types\/page"}],"author":[{"embeddable":true,"href":"https:\/\/dorimedia.com\/es\/wp-json\/wp\/v2\/users\/1"}],"replies":[{"embeddable":true,"href":"https:\/\/dorimedia.com\/es\/wp-json\/wp\/v2\/comments?post=2136"}],"version-history":[{"count":2,"href":"https:\/\/dorimedia.com\/es\/wp-json\/wp\/v2\/pages\/2136\/revisions"}],"predecessor-version":[{"id":2820,"href":"https:\/\/dorimedia.com\/es\/wp-json\/wp\/v2\/pages\/2136\/revisions\/2820"}],"up":[{"embeddable":true,"href":"https:\/\/dorimedia.com\/es\/wp-json\/wp\/v2\/pages\/2125"}],"wp:attachment":[{"href":"https:\/\/dorimedia.com\/es\/wp-json\/wp\/v2\/media?parent=2136"}],"curies":[{"name":"wp","href":"https:\/\/api.w.org\/{rel}","templated":true}]}}