{"id":2149,"date":"2016-09-18T11:14:23","date_gmt":"2016-09-18T11:14:23","guid":{"rendered":"https:\/\/dorimedia.com\/?page_id=2149"},"modified":"2024-03-31T08:38:09","modified_gmt":"2024-03-31T08:38:09","slug":"production","status":"publish","type":"page","link":"https:\/\/dorimedia.com\/es\/what-we-do\/production\/","title":{"rendered":"PRODUCCI\u00d3N"},"content":{"rendered":"<div class=\"wpb-content-wrapper\"><p>[vc_row css=\u00bb.vc_custom_1474529951647{margin-bottom: 0px !important;border-top-width: 15px !important;border-bottom-width: 0px !important;padding-top: 25px !important;padding-bottom: 0px !important;}\u00bb][vc_column][vc_column_text]<\/p>\n<h2><span style=\"color: #cc0066;\"><span style=\"color: #dc006e;\">PRODUCCI\u00d3N<\/span><br \/>\n<\/span><\/h2>\n<p>[\/vc_column_text][\/vc_column][vc_column width=\u00bb1\/2&#8243;][vc_column_text]Dori Media produce una gran variedad de programas, desde tiras diarias y programas de prime time hasta programas de juegos, infantiles y formatos para nuevos medios. La biblioteca de Dori Media cuenta con alrededor de 7.500 horas de TV, incluidos \u00e9xitos internacionales como \u201cRebelde Way\u201d, \u201cLalola\u201d, \u201cSplit\u201d, \u201cCiega a Citas, \u00abBe Tipul\u00bb (In treatment), \u201cPower Couple\u201d, \u201cLosing Alice\u201d, \u201cDumb\u201d, \u201cThe New Black\u00bb, \u00abNormal\u00bb y mucho m\u00e1s.<\/p>\n<p><strong>Dori Media Darset y Dori Media Paran<\/strong><strong>,<\/strong> ambos brazos de producci\u00f3n de Dori Media en Israel, producen series, tiras diarias y largometrajes de gran calidad tanto para el mercado israel\u00ed como para el internacional.<\/p>\n<p><strong>Dori Media Contenidos<\/strong> produce ficci\u00f3n en Argentina para el mercado local e internacional.<\/p>\n<p>Dori Media International produce ficci\u00f3n de manera global, en Turqu\u00eda, Colombia, M\u00e9xico, Canad\u00e1, Uruguay y Argentina.[\/vc_column_text][vc_empty_space height=\u00bb10px\u00bb][vc_column_text]<\/p>\n<h2><span style=\"color: #cc0066;\"><span style=\"color: #dc006e;\">Largometrajes<\/span><br \/>\n<\/span><\/h2>\n<p>[\/vc_column_text][vc_column_text]Dori Media tambi\u00e9n se dedica a la producci\u00f3n de largometrajes destinados a promocionar una plataforma para los cineastas israel\u00edes y extranjeros con el objeto de crear contenidos \u00fanicos aprovechando la calidad del entorno local de Medio Oriente y al mismo tiempo manteniendo el atractivo internacional.<\/p>\n<p>A trav\u00e9s de proyectos impulsados por la productora, la empresa desea brindar asistencia constante desde el guion hasta la pantalla, desarrollando guiones junto con los autores, realizando proyectos con el objeto de encontrar directores experimentados para lograr obras de calidad y comercialmente viables que sean aptas para las diferentes audiencias de todo el mundo con miras a la distribuci\u00f3n global.<\/p>\n<p>La empresa tambi\u00e9n ofrece servicios de producci\u00f3n a productoras extranjeras que busquen coproducciones en Medio Oriente.[\/vc_column_text]<div class=\"btn-container text-center\"><a href=\"https:\/\/dorimediaparan.com\/\" class=\"btn btn-dark-out  \" target=\"_blank\">Websit de dori media paran &gt;&gt;<\/a><\/div>[\/vc_column][vc_column width=\u00bb1\/2&#8243;][vc_single_image image=\u00bb3881&#8243; img_size=\u00bbfull\u00bb style=\u00bbvc_box_shadow_border\u00bb][vc_single_image image=\u00bb3580&#8243; img_size=\u00bbfull\u00bb style=\u00bbvc_box_shadow_border\u00bb][\/vc_column][\/vc_row][vc_row css=\u00bb.vc_custom_1474530277439{background-color: #f1f1f2 !important;}\u00bb][vc_column width=\u00bb1\/3&#8243;]<div class=\"btn-container text-center\"><a href=\"http:\/\/dorimedia.com\/what-we-do\/tv-channels\/\" class=\"btn btn-dark-out  \" >Anterior<\/a><\/div>[vc_empty_space height=\u00bb15px\u00bb][\/vc_column][vc_column width=\u00bb1\/3&#8243;]<div class=\"btn-container text-center\"><a href=\"http:\/\/dorimedia.com\/what-we-do\/\" class=\"btn btn-dark-out  \" ><i class=\"icon-grid\"><\/i><\/a><\/div>[vc_empty_space height=\u00bb15px\u00bb][\/vc_column][vc_column width=\u00bb1\/3&#8243;]<div class=\"btn-container text-center\"><a href=\"http:\/\/dorimedia.com\/what-we-do\/technical-services\/\" class=\"btn btn-dark-out  \" >Siguiente<\/a><\/div>[vc_empty_space height=\u00bb15px\u00bb][\/vc_column][\/vc_row]<\/p>\n<\/div>","protected":false},"excerpt":{"rendered":"<p>[vc_row css=\u00bb.vc_custom_1474529951647{margin-bottom: 0px !important;border-top-width: 15px !important;border-bottom-width: 0px !important;padding-top: 25px !important;padding-bottom: 0px !important;}\u00bb][vc_column][vc_column_text] PRODUCCI\u00d3N [\/vc_column_text][\/vc_column][vc_column width=\u00bb1\/2&#8243;][vc_column_text]Dori Media produce una gran variedad de programas, desde tiras diarias y programas de prime time hasta programas de juegos, infantiles y formatos para nuevos medios. La biblioteca de Dori Media cuenta con alrededor de 7.500 horas de TV, incluidos \u00e9xitos[&#8230;] <\/p>\n<p class=\"mt-15\"><a class=\"btn btn-color btn-sm\" href=\"https:\/\/dorimedia.com\/es\/what-we-do\/production\/\">Read More<\/a><\/p>\n","protected":false},"author":1,"featured_media":0,"parent":2125,"menu_order":17,"comment_status":"closed","ping_status":"closed","template":"","meta":{"footnotes":""},"class_list":["post-2149","page","type-page","status-publish","hentry"],"yoast_head":"<!-- This site is optimized with the Yoast SEO plugin v27.3 - https:\/\/yoast.com\/product\/yoast-seo-wordpress\/ -->\n<title>PRODUCCI\u00d3N - DORI MEDIA<\/title>\n<meta name=\"robots\" content=\"index, follow, max-snippet:-1, max-image-preview:large, max-video-preview:-1\" \/>\n<link rel=\"canonical\" href=\"https:\/\/dorimedia.com\/es\/what-we-do\/production\/\" \/>\n<meta property=\"og:locale\" content=\"es_ES\" \/>\n<meta property=\"og:type\" content=\"article\" \/>\n<meta property=\"og:title\" content=\"PRODUCCI\u00d3N - DORI MEDIA\" \/>\n<meta property=\"og:description\" content=\"[vc_row css=\u00bb.vc_custom_1474529951647{margin-bottom: 0px !important;border-top-width: 15px !important;border-bottom-width: 0px !important;padding-top: 25px !important;padding-bottom: 0px !important;}\u00bb][vc_column][vc_column_text] PRODUCCI\u00d3N [\/vc_column_text][\/vc_column][vc_column width=\u00bb1\/2&#8243;][vc_column_text]Dori Media produce una gran variedad de programas, desde tiras diarias y programas de prime time hasta programas de juegos, infantiles y formatos para nuevos medios. La biblioteca de Dori Media cuenta con alrededor de 7.500 horas de TV, incluidos \u00e9xitos[...] Read More\" \/>\n<meta property=\"og:url\" content=\"https:\/\/dorimedia.com\/es\/what-we-do\/production\/\" \/>\n<meta property=\"og:site_name\" content=\"DORI MEDIA\" \/>\n<meta property=\"article:modified_time\" content=\"2024-03-31T08:38:09+00:00\" \/>\n<meta name=\"twitter:card\" content=\"summary_large_image\" \/>\n<meta name=\"twitter:label1\" content=\"Tiempo de lectura\" \/>\n\t<meta name=\"twitter:data1\" content=\"4 minutos\" \/>\n<script type=\"application\/ld+json\" class=\"yoast-schema-graph\">{\"@context\":\"https:\\\/\\\/schema.org\",\"@graph\":[{\"@type\":\"WebPage\",\"@id\":\"https:\\\/\\\/dorimedia.com\\\/es\\\/what-we-do\\\/production\\\/\",\"url\":\"https:\\\/\\\/dorimedia.com\\\/es\\\/what-we-do\\\/production\\\/\",\"name\":\"PRODUCCI\u00d3N - DORI MEDIA\",\"isPartOf\":{\"@id\":\"https:\\\/\\\/dorimedia.com\\\/#website\"},\"datePublished\":\"2016-09-18T11:14:23+00:00\",\"dateModified\":\"2024-03-31T08:38:09+00:00\",\"breadcrumb\":{\"@id\":\"https:\\\/\\\/dorimedia.com\\\/es\\\/what-we-do\\\/production\\\/#breadcrumb\"},\"inLanguage\":\"es\",\"potentialAction\":[{\"@type\":\"ReadAction\",\"target\":[\"https:\\\/\\\/dorimedia.com\\\/es\\\/what-we-do\\\/production\\\/\"]}]},{\"@type\":\"BreadcrumbList\",\"@id\":\"https:\\\/\\\/dorimedia.com\\\/es\\\/what-we-do\\\/production\\\/#breadcrumb\",\"itemListElement\":[{\"@type\":\"ListItem\",\"position\":1,\"name\":\"Home\",\"item\":\"https:\\\/\\\/dorimedia.com\\\/\"},{\"@type\":\"ListItem\",\"position\":2,\"name\":\"WHAT WE DO\",\"item\":\"https:\\\/\\\/dorimedia.com\\\/what-we-do\\\/\"},{\"@type\":\"ListItem\",\"position\":3,\"name\":\"PRODUCCI\u00d3N\"}]},{\"@type\":\"WebSite\",\"@id\":\"https:\\\/\\\/dorimedia.com\\\/#website\",\"url\":\"https:\\\/\\\/dorimedia.com\\\/\",\"name\":\"DORI MEDIA\",\"description\":\"Dori Media is an international group of media companies with offices is Israel, Switzerland, Argentina and the USA. The groups&#039; business includes production, broadcast (TV channels), distribution and technical services.\",\"potentialAction\":[{\"@type\":\"SearchAction\",\"target\":{\"@type\":\"EntryPoint\",\"urlTemplate\":\"https:\\\/\\\/dorimedia.com\\\/?s={search_term_string}\"},\"query-input\":{\"@type\":\"PropertyValueSpecification\",\"valueRequired\":true,\"valueName\":\"search_term_string\"}}],\"inLanguage\":\"es\"}]}<\/script>\n<!-- \/ Yoast SEO plugin. -->","yoast_head_json":{"title":"PRODUCCI\u00d3N - DORI MEDIA","robots":{"index":"index","follow":"follow","max-snippet":"max-snippet:-1","max-image-preview":"max-image-preview:large","max-video-preview":"max-video-preview:-1"},"canonical":"https:\/\/dorimedia.com\/es\/what-we-do\/production\/","og_locale":"es_ES","og_type":"article","og_title":"PRODUCCI\u00d3N - DORI MEDIA","og_description":"[vc_row css=\u00bb.vc_custom_1474529951647{margin-bottom: 0px !important;border-top-width: 15px !important;border-bottom-width: 0px !important;padding-top: 25px !important;padding-bottom: 0px !important;}\u00bb][vc_column][vc_column_text] PRODUCCI\u00d3N [\/vc_column_text][\/vc_column][vc_column width=\u00bb1\/2&#8243;][vc_column_text]Dori Media produce una gran variedad de programas, desde tiras diarias y programas de prime time hasta programas de juegos, infantiles y formatos para nuevos medios. La biblioteca de Dori Media cuenta con alrededor de 7.500 horas de TV, incluidos \u00e9xitos[...] Read More","og_url":"https:\/\/dorimedia.com\/es\/what-we-do\/production\/","og_site_name":"DORI MEDIA","article_modified_time":"2024-03-31T08:38:09+00:00","twitter_card":"summary_large_image","twitter_misc":{"Tiempo de lectura":"4 minutos"},"schema":{"@context":"https:\/\/schema.org","@graph":[{"@type":"WebPage","@id":"https:\/\/dorimedia.com\/es\/what-we-do\/production\/","url":"https:\/\/dorimedia.com\/es\/what-we-do\/production\/","name":"PRODUCCI\u00d3N - DORI MEDIA","isPartOf":{"@id":"https:\/\/dorimedia.com\/#website"},"datePublished":"2016-09-18T11:14:23+00:00","dateModified":"2024-03-31T08:38:09+00:00","breadcrumb":{"@id":"https:\/\/dorimedia.com\/es\/what-we-do\/production\/#breadcrumb"},"inLanguage":"es","potentialAction":[{"@type":"ReadAction","target":["https:\/\/dorimedia.com\/es\/what-we-do\/production\/"]}]},{"@type":"BreadcrumbList","@id":"https:\/\/dorimedia.com\/es\/what-we-do\/production\/#breadcrumb","itemListElement":[{"@type":"ListItem","position":1,"name":"Home","item":"https:\/\/dorimedia.com\/"},{"@type":"ListItem","position":2,"name":"WHAT WE DO","item":"https:\/\/dorimedia.com\/what-we-do\/"},{"@type":"ListItem","position":3,"name":"PRODUCCI\u00d3N"}]},{"@type":"WebSite","@id":"https:\/\/dorimedia.com\/#website","url":"https:\/\/dorimedia.com\/","name":"DORI MEDIA","description":"Dori Media is an international group of media companies with offices is Israel, Switzerland, Argentina and the USA. The groups&#039; business includes production, broadcast (TV channels), distribution and technical services.","potentialAction":[{"@type":"SearchAction","target":{"@type":"EntryPoint","urlTemplate":"https:\/\/dorimedia.com\/?s={search_term_string}"},"query-input":{"@type":"PropertyValueSpecification","valueRequired":true,"valueName":"search_term_string"}}],"inLanguage":"es"}]}},"_links":{"self":[{"href":"https:\/\/dorimedia.com\/es\/wp-json\/wp\/v2\/pages\/2149","targetHints":{"allow":["GET"]}}],"collection":[{"href":"https:\/\/dorimedia.com\/es\/wp-json\/wp\/v2\/pages"}],"about":[{"href":"https:\/\/dorimedia.com\/es\/wp-json\/wp\/v2\/types\/page"}],"author":[{"embeddable":true,"href":"https:\/\/dorimedia.com\/es\/wp-json\/wp\/v2\/users\/1"}],"replies":[{"embeddable":true,"href":"https:\/\/dorimedia.com\/es\/wp-json\/wp\/v2\/comments?post=2149"}],"version-history":[{"count":2,"href":"https:\/\/dorimedia.com\/es\/wp-json\/wp\/v2\/pages\/2149\/revisions"}],"predecessor-version":[{"id":3927,"href":"https:\/\/dorimedia.com\/es\/wp-json\/wp\/v2\/pages\/2149\/revisions\/3927"}],"up":[{"embeddable":true,"href":"https:\/\/dorimedia.com\/es\/wp-json\/wp\/v2\/pages\/2125"}],"wp:attachment":[{"href":"https:\/\/dorimedia.com\/es\/wp-json\/wp\/v2\/media?parent=2149"}],"curies":[{"name":"wp","href":"https:\/\/api.w.org\/{rel}","templated":true}]}}