{"id":3902,"date":"2024-03-27T12:09:04","date_gmt":"2024-03-27T12:09:04","guid":{"rendered":"https:\/\/dorimedia.com\/?page_id=3902"},"modified":"2024-03-27T12:09:40","modified_gmt":"2024-03-27T12:09:40","slug":"dori-media-darset-dori-media-paran","status":"publish","type":"page","link":"https:\/\/dorimedia.com\/es\/dori-media-darset-dori-media-paran\/","title":{"rendered":"Dori Media Darset + Dori Media Paran"},"content":{"rendered":"<div class=\"wpb-content-wrapper\"><p>[vc_row][vc_column width=\u00bb1\/2&#8243;][vc_column_text]Dori Media Darset y Dori Media Paran producen series, dramas diarios as\u00ed como tambi\u00e9n pel\u00edculas para Israel\u00ed y el mercado internacional.<\/p>\n<p>Desde su creaci\u00f3n en el a\u00f1o 2000, Dori Media Darset ha sido la primera y principal productora de telenovelas y tiras diarias en Israel. En los \u00faltimos a\u00f1os la compa\u00f1\u00eda se diversific\u00f3 en otros g\u00e9neros como dramas para chicos, reality para TV, docu-reality, magazines y contenido orientado a nuevos medios. Actualmente se centra principalmente en dramas semanales de alta gama.<\/p>\n<p>La compa\u00f1\u00eda produce docenas de horas por a\u00f1o, para todos los canales y plataformas de Israel. Su cat\u00e1logo tiene m\u00e1s de 2,600 horas de dramas exitosos.<\/p>\n<p>Dori Media Darset, siendo unas de las 3 productoras m\u00e1s grandes de Israel, es reconocida por su taza de \u00e9xitos, su creatividad y su adherencia presupuestaria.<\/p>\n<p>En 2012 Dori Media comenz\u00f3 su desarrollo de largometraje a trav\u00e9s de Dori Media Paran. La compa\u00f1\u00eda ha producido casi una docena de pel\u00edculas hasta ahora. La pel\u00edcula \u00abDeja que sea Ma\u00f1ana\u00bb fue nominada recientemente en el Festival de Cine de Cannes 2021.[\/vc_column_text][\/vc_column][vc_column width=\u00bb1\/2&#8243;][vc_single_image image=\u00bb3903&#8243; img_size=\u00bbfull\u00bb][\/vc_column][\/vc_row]<\/p>\n<\/div>","protected":false},"excerpt":{"rendered":"<p>[vc_row][vc_column width=\u00bb1\/2&#8243;][vc_column_text]Dori Media Darset y Dori Media Paran producen series, dramas diarios as\u00ed como tambi\u00e9n pel\u00edculas para Israel\u00ed y el mercado internacional. Desde su creaci\u00f3n en el a\u00f1o 2000, Dori Media Darset ha sido la primera y principal productora de telenovelas y tiras diarias en Israel. En los \u00faltimos a\u00f1os la compa\u00f1\u00eda se diversific\u00f3 en[&#8230;] <\/p>\n<p class=\"mt-15\"><a class=\"btn btn-color btn-sm\" href=\"https:\/\/dorimedia.com\/es\/dori-media-darset-dori-media-paran\/\">Read More<\/a><\/p>\n","protected":false},"author":1,"featured_media":0,"parent":0,"menu_order":37,"comment_status":"closed","ping_status":"closed","template":"","meta":{"footnotes":""},"class_list":["post-3902","page","type-page","status-publish","hentry"],"yoast_head":"<!-- This site is optimized with the Yoast SEO plugin v27.3 - https:\/\/yoast.com\/product\/yoast-seo-wordpress\/ -->\n<title>Dori Media Darset + Dori Media Paran - DORI MEDIA<\/title>\n<meta name=\"robots\" content=\"index, follow, max-snippet:-1, max-image-preview:large, max-video-preview:-1\" \/>\n<link rel=\"canonical\" href=\"https:\/\/dorimedia.com\/dori-media-darset-dori-media-paran\/\" \/>\n<meta property=\"og:locale\" content=\"es_ES\" \/>\n<meta property=\"og:type\" content=\"article\" \/>\n<meta property=\"og:title\" content=\"Dori Media Darset + Dori Media Paran - DORI MEDIA\" \/>\n<meta property=\"og:description\" content=\"[vc_row][vc_column width=\u00bb1\/2&#8243;][vc_column_text]Dori Media Darset y Dori Media Paran producen series, dramas diarios as\u00ed como tambi\u00e9n pel\u00edculas para Israel\u00ed y el mercado internacional. Desde su creaci\u00f3n en el a\u00f1o 2000, Dori Media Darset ha sido la primera y principal productora de telenovelas y tiras diarias en Israel. En los \u00faltimos a\u00f1os la compa\u00f1\u00eda se diversific\u00f3 en[...] Read More\" \/>\n<meta property=\"og:url\" content=\"https:\/\/dorimedia.com\/dori-media-darset-dori-media-paran\/\" \/>\n<meta property=\"og:site_name\" content=\"DORI MEDIA\" \/>\n<meta property=\"article:modified_time\" content=\"2024-03-27T12:09:40+00:00\" \/>\n<meta name=\"twitter:card\" content=\"summary_large_image\" \/>\n<meta name=\"twitter:label1\" content=\"Tiempo de lectura\" \/>\n\t<meta name=\"twitter:data1\" content=\"2 minutos\" \/>\n<script type=\"application\/ld+json\" class=\"yoast-schema-graph\">{\"@context\":\"https:\\\/\\\/schema.org\",\"@graph\":[{\"@type\":\"WebPage\",\"@id\":\"https:\\\/\\\/dorimedia.com\\\/dori-media-darset-dori-media-paran\\\/\",\"url\":\"https:\\\/\\\/dorimedia.com\\\/dori-media-darset-dori-media-paran\\\/\",\"name\":\"Dori Media Darset + Dori Media Paran - DORI MEDIA\",\"isPartOf\":{\"@id\":\"https:\\\/\\\/dorimedia.com\\\/#website\"},\"datePublished\":\"2024-03-27T12:09:04+00:00\",\"dateModified\":\"2024-03-27T12:09:40+00:00\",\"breadcrumb\":{\"@id\":\"https:\\\/\\\/dorimedia.com\\\/dori-media-darset-dori-media-paran\\\/#breadcrumb\"},\"inLanguage\":\"es\",\"potentialAction\":[{\"@type\":\"ReadAction\",\"target\":[\"https:\\\/\\\/dorimedia.com\\\/dori-media-darset-dori-media-paran\\\/\"]}]},{\"@type\":\"BreadcrumbList\",\"@id\":\"https:\\\/\\\/dorimedia.com\\\/dori-media-darset-dori-media-paran\\\/#breadcrumb\",\"itemListElement\":[{\"@type\":\"ListItem\",\"position\":1,\"name\":\"Home\",\"item\":\"https:\\\/\\\/dorimedia.com\\\/\"},{\"@type\":\"ListItem\",\"position\":2,\"name\":\"Dori Media Darset + Dori Media Paran\"}]},{\"@type\":\"WebSite\",\"@id\":\"https:\\\/\\\/dorimedia.com\\\/#website\",\"url\":\"https:\\\/\\\/dorimedia.com\\\/\",\"name\":\"DORI MEDIA\",\"description\":\"Dori Media is an international group of media companies with offices is Israel, Switzerland, Argentina and the USA. The groups&#039; business includes production, broadcast (TV channels), distribution and technical services.\",\"potentialAction\":[{\"@type\":\"SearchAction\",\"target\":{\"@type\":\"EntryPoint\",\"urlTemplate\":\"https:\\\/\\\/dorimedia.com\\\/?s={search_term_string}\"},\"query-input\":{\"@type\":\"PropertyValueSpecification\",\"valueRequired\":true,\"valueName\":\"search_term_string\"}}],\"inLanguage\":\"es\"}]}<\/script>\n<!-- \/ Yoast SEO plugin. -->","yoast_head_json":{"title":"Dori Media Darset + Dori Media Paran - DORI MEDIA","robots":{"index":"index","follow":"follow","max-snippet":"max-snippet:-1","max-image-preview":"max-image-preview:large","max-video-preview":"max-video-preview:-1"},"canonical":"https:\/\/dorimedia.com\/dori-media-darset-dori-media-paran\/","og_locale":"es_ES","og_type":"article","og_title":"Dori Media Darset + Dori Media Paran - DORI MEDIA","og_description":"[vc_row][vc_column width=\u00bb1\/2&#8243;][vc_column_text]Dori Media Darset y Dori Media Paran producen series, dramas diarios as\u00ed como tambi\u00e9n pel\u00edculas para Israel\u00ed y el mercado internacional. Desde su creaci\u00f3n en el a\u00f1o 2000, Dori Media Darset ha sido la primera y principal productora de telenovelas y tiras diarias en Israel. En los \u00faltimos a\u00f1os la compa\u00f1\u00eda se diversific\u00f3 en[...] Read More","og_url":"https:\/\/dorimedia.com\/dori-media-darset-dori-media-paran\/","og_site_name":"DORI MEDIA","article_modified_time":"2024-03-27T12:09:40+00:00","twitter_card":"summary_large_image","twitter_misc":{"Tiempo de lectura":"2 minutos"},"schema":{"@context":"https:\/\/schema.org","@graph":[{"@type":"WebPage","@id":"https:\/\/dorimedia.com\/dori-media-darset-dori-media-paran\/","url":"https:\/\/dorimedia.com\/dori-media-darset-dori-media-paran\/","name":"Dori Media Darset + Dori Media Paran - DORI MEDIA","isPartOf":{"@id":"https:\/\/dorimedia.com\/#website"},"datePublished":"2024-03-27T12:09:04+00:00","dateModified":"2024-03-27T12:09:40+00:00","breadcrumb":{"@id":"https:\/\/dorimedia.com\/dori-media-darset-dori-media-paran\/#breadcrumb"},"inLanguage":"es","potentialAction":[{"@type":"ReadAction","target":["https:\/\/dorimedia.com\/dori-media-darset-dori-media-paran\/"]}]},{"@type":"BreadcrumbList","@id":"https:\/\/dorimedia.com\/dori-media-darset-dori-media-paran\/#breadcrumb","itemListElement":[{"@type":"ListItem","position":1,"name":"Home","item":"https:\/\/dorimedia.com\/"},{"@type":"ListItem","position":2,"name":"Dori Media Darset + Dori Media Paran"}]},{"@type":"WebSite","@id":"https:\/\/dorimedia.com\/#website","url":"https:\/\/dorimedia.com\/","name":"DORI MEDIA","description":"Dori Media is an international group of media companies with offices is Israel, Switzerland, Argentina and the USA. The groups&#039; business includes production, broadcast (TV channels), distribution and technical services.","potentialAction":[{"@type":"SearchAction","target":{"@type":"EntryPoint","urlTemplate":"https:\/\/dorimedia.com\/?s={search_term_string}"},"query-input":{"@type":"PropertyValueSpecification","valueRequired":true,"valueName":"search_term_string"}}],"inLanguage":"es"}]}},"_links":{"self":[{"href":"https:\/\/dorimedia.com\/es\/wp-json\/wp\/v2\/pages\/3902","targetHints":{"allow":["GET"]}}],"collection":[{"href":"https:\/\/dorimedia.com\/es\/wp-json\/wp\/v2\/pages"}],"about":[{"href":"https:\/\/dorimedia.com\/es\/wp-json\/wp\/v2\/types\/page"}],"author":[{"embeddable":true,"href":"https:\/\/dorimedia.com\/es\/wp-json\/wp\/v2\/users\/1"}],"replies":[{"embeddable":true,"href":"https:\/\/dorimedia.com\/es\/wp-json\/wp\/v2\/comments?post=3902"}],"version-history":[{"count":2,"href":"https:\/\/dorimedia.com\/es\/wp-json\/wp\/v2\/pages\/3902\/revisions"}],"predecessor-version":[{"id":3905,"href":"https:\/\/dorimedia.com\/es\/wp-json\/wp\/v2\/pages\/3902\/revisions\/3905"}],"wp:attachment":[{"href":"https:\/\/dorimedia.com\/es\/wp-json\/wp\/v2\/media?parent=3902"}],"curies":[{"name":"wp","href":"https:\/\/api.w.org\/{rel}","templated":true}]}}