{"id":3912,"date":"2024-03-27T12:14:47","date_gmt":"2024-03-27T12:14:47","guid":{"rendered":"https:\/\/dorimedia.com\/?page_id=3912"},"modified":"2024-03-27T12:15:38","modified_gmt":"2024-03-27T12:15:38","slug":"dori-media-distribution","status":"publish","type":"page","link":"https:\/\/dorimedia.com\/es\/dori-media-distribution\/","title":{"rendered":"Dori Media Distribution"},"content":{"rendered":"<div class=\"wpb-content-wrapper\"><p>[vc_row][vc_column width=\u00bb1\/2&#8243;][vc_column_text]Dori Media Distribution es la empresa de distribuci\u00f3n m\u00e1s grande de Israel con un cat\u00e1logo muy diversificado que incluye todos los g\u00e9neros: dramas (semanales y tiras diarias), comedias, entretenimiento, reality shows y docu-realities, as\u00ed como programas infantiles<\/p>\n<p>DMD distribuye alrededor de 7.500 episodios, m\u00e1s de 7.000 clips de 3 minutos, 120 episodios web de 9 minutos y alrededor de 556 episodios para celular de entre 1 y 5 minutos de telenovelas y tiras diarias que se venden a una amplia gama de audiencias en m\u00e1s de 100 pa\u00edses.<\/p>\n<p>Con oficinas en Suiza, Israel, Argentina, Espa\u00f1a y Singapur, no s\u00f3lo distribuimos nuestros propios programas, sino que tambi\u00e9n nos eligen otras productoras y propietarios de formatos para actuar como su distribuidor en el mercado internacional.<\/p>\n<p>Nuestro cat\u00e1logo de distribuci\u00f3n incluye \u00e9xitos tales como \u201cBe\u2019 Tipul\u201d (En Terapia), \u201cLalola\u201d, \u201cRebelde Way\u201d, \u201cCiega a Citas\u201d, \u201cSmart Face \/ Lo Sabe No Lo Sabe\u201d, \u201cPower Couple\u201d, \u00abLosing Alice\u00bb, \u00abDumb\u00bb, \u00abNormal\u00bb etc.[\/vc_column_text][\/vc_column][vc_column width=\u00bb1\/2&#8243;][vc_single_image image=\u00bb3913&#8243; img_size=\u00bbfull\u00bb][\/vc_column][\/vc_row]<\/p>\n<\/div>","protected":false},"excerpt":{"rendered":"<p>[vc_row][vc_column width=\u00bb1\/2&#8243;][vc_column_text]Dori Media Distribution es la empresa de distribuci\u00f3n m\u00e1s grande de Israel con un cat\u00e1logo muy diversificado que incluye todos los g\u00e9neros: dramas (semanales y tiras diarias), comedias, entretenimiento, reality shows y docu-realities, as\u00ed como programas infantiles DMD distribuye alrededor de 7.500 episodios, m\u00e1s de 7.000 clips de 3 minutos, 120 episodios web de[&#8230;] <\/p>\n<p class=\"mt-15\"><a class=\"btn btn-color btn-sm\" href=\"https:\/\/dorimedia.com\/es\/dori-media-distribution\/\">Read More<\/a><\/p>\n","protected":false},"author":1,"featured_media":0,"parent":0,"menu_order":36,"comment_status":"closed","ping_status":"closed","template":"","meta":{"footnotes":""},"class_list":["post-3912","page","type-page","status-publish","hentry"],"yoast_head":"<!-- This site is optimized with the Yoast SEO plugin v27.4 - https:\/\/yoast.com\/product\/yoast-seo-wordpress\/ -->\n<title>Dori Media Distribution - DORI MEDIA<\/title>\n<meta name=\"robots\" content=\"index, follow, max-snippet:-1, max-image-preview:large, max-video-preview:-1\" \/>\n<link rel=\"canonical\" href=\"https:\/\/dorimedia.com\/dori-media-distribution\/\" \/>\n<meta property=\"og:locale\" content=\"es_ES\" \/>\n<meta property=\"og:type\" content=\"article\" \/>\n<meta property=\"og:title\" content=\"Dori Media Distribution - DORI MEDIA\" \/>\n<meta property=\"og:description\" content=\"[vc_row][vc_column width=\u00bb1\/2&#8243;][vc_column_text]Dori Media Distribution es la empresa de distribuci\u00f3n m\u00e1s grande de Israel con un cat\u00e1logo muy diversificado que incluye todos los g\u00e9neros: dramas (semanales y tiras diarias), comedias, entretenimiento, reality shows y docu-realities, as\u00ed como programas infantiles DMD distribuye alrededor de 7.500 episodios, m\u00e1s de 7.000 clips de 3 minutos, 120 episodios web de[...] Read More\" \/>\n<meta property=\"og:url\" content=\"https:\/\/dorimedia.com\/dori-media-distribution\/\" \/>\n<meta property=\"og:site_name\" content=\"DORI MEDIA\" \/>\n<meta property=\"article:modified_time\" content=\"2024-03-27T12:15:38+00:00\" \/>\n<meta name=\"twitter:card\" content=\"summary_large_image\" \/>\n<meta name=\"twitter:label1\" content=\"Tiempo de lectura\" \/>\n\t<meta name=\"twitter:data1\" content=\"2 minutos\" \/>\n<script type=\"application\/ld+json\" class=\"yoast-schema-graph\">{\"@context\":\"https:\\\/\\\/schema.org\",\"@graph\":[{\"@type\":\"WebPage\",\"@id\":\"https:\\\/\\\/dorimedia.com\\\/dori-media-distribution\\\/\",\"url\":\"https:\\\/\\\/dorimedia.com\\\/dori-media-distribution\\\/\",\"name\":\"Dori Media Distribution - DORI MEDIA\",\"isPartOf\":{\"@id\":\"https:\\\/\\\/dorimedia.com\\\/#website\"},\"datePublished\":\"2024-03-27T12:14:47+00:00\",\"dateModified\":\"2024-03-27T12:15:38+00:00\",\"breadcrumb\":{\"@id\":\"https:\\\/\\\/dorimedia.com\\\/dori-media-distribution\\\/#breadcrumb\"},\"inLanguage\":\"es\",\"potentialAction\":[{\"@type\":\"ReadAction\",\"target\":[\"https:\\\/\\\/dorimedia.com\\\/dori-media-distribution\\\/\"]}]},{\"@type\":\"BreadcrumbList\",\"@id\":\"https:\\\/\\\/dorimedia.com\\\/dori-media-distribution\\\/#breadcrumb\",\"itemListElement\":[{\"@type\":\"ListItem\",\"position\":1,\"name\":\"Home\",\"item\":\"https:\\\/\\\/dorimedia.com\\\/\"},{\"@type\":\"ListItem\",\"position\":2,\"name\":\"Dori Media Distribution\"}]},{\"@type\":\"WebSite\",\"@id\":\"https:\\\/\\\/dorimedia.com\\\/#website\",\"url\":\"https:\\\/\\\/dorimedia.com\\\/\",\"name\":\"DORI MEDIA\",\"description\":\"Dori Media is an international group of media companies with offices is Israel, Switzerland, Argentina and the USA. The groups&#039; business includes production, broadcast (TV channels), distribution and technical services.\",\"potentialAction\":[{\"@type\":\"SearchAction\",\"target\":{\"@type\":\"EntryPoint\",\"urlTemplate\":\"https:\\\/\\\/dorimedia.com\\\/?s={search_term_string}\"},\"query-input\":{\"@type\":\"PropertyValueSpecification\",\"valueRequired\":true,\"valueName\":\"search_term_string\"}}],\"inLanguage\":\"es\"}]}<\/script>\n<!-- \/ Yoast SEO plugin. -->","yoast_head_json":{"title":"Dori Media Distribution - DORI MEDIA","robots":{"index":"index","follow":"follow","max-snippet":"max-snippet:-1","max-image-preview":"max-image-preview:large","max-video-preview":"max-video-preview:-1"},"canonical":"https:\/\/dorimedia.com\/dori-media-distribution\/","og_locale":"es_ES","og_type":"article","og_title":"Dori Media Distribution - DORI MEDIA","og_description":"[vc_row][vc_column width=\u00bb1\/2&#8243;][vc_column_text]Dori Media Distribution es la empresa de distribuci\u00f3n m\u00e1s grande de Israel con un cat\u00e1logo muy diversificado que incluye todos los g\u00e9neros: dramas (semanales y tiras diarias), comedias, entretenimiento, reality shows y docu-realities, as\u00ed como programas infantiles DMD distribuye alrededor de 7.500 episodios, m\u00e1s de 7.000 clips de 3 minutos, 120 episodios web de[...] Read More","og_url":"https:\/\/dorimedia.com\/dori-media-distribution\/","og_site_name":"DORI MEDIA","article_modified_time":"2024-03-27T12:15:38+00:00","twitter_card":"summary_large_image","twitter_misc":{"Tiempo de lectura":"2 minutos"},"schema":{"@context":"https:\/\/schema.org","@graph":[{"@type":"WebPage","@id":"https:\/\/dorimedia.com\/dori-media-distribution\/","url":"https:\/\/dorimedia.com\/dori-media-distribution\/","name":"Dori Media Distribution - DORI MEDIA","isPartOf":{"@id":"https:\/\/dorimedia.com\/#website"},"datePublished":"2024-03-27T12:14:47+00:00","dateModified":"2024-03-27T12:15:38+00:00","breadcrumb":{"@id":"https:\/\/dorimedia.com\/dori-media-distribution\/#breadcrumb"},"inLanguage":"es","potentialAction":[{"@type":"ReadAction","target":["https:\/\/dorimedia.com\/dori-media-distribution\/"]}]},{"@type":"BreadcrumbList","@id":"https:\/\/dorimedia.com\/dori-media-distribution\/#breadcrumb","itemListElement":[{"@type":"ListItem","position":1,"name":"Home","item":"https:\/\/dorimedia.com\/"},{"@type":"ListItem","position":2,"name":"Dori Media Distribution"}]},{"@type":"WebSite","@id":"https:\/\/dorimedia.com\/#website","url":"https:\/\/dorimedia.com\/","name":"DORI MEDIA","description":"Dori Media is an international group of media companies with offices is Israel, Switzerland, Argentina and the USA. The groups&#039; business includes production, broadcast (TV channels), distribution and technical services.","potentialAction":[{"@type":"SearchAction","target":{"@type":"EntryPoint","urlTemplate":"https:\/\/dorimedia.com\/?s={search_term_string}"},"query-input":{"@type":"PropertyValueSpecification","valueRequired":true,"valueName":"search_term_string"}}],"inLanguage":"es"}]}},"_links":{"self":[{"href":"https:\/\/dorimedia.com\/es\/wp-json\/wp\/v2\/pages\/3912","targetHints":{"allow":["GET"]}}],"collection":[{"href":"https:\/\/dorimedia.com\/es\/wp-json\/wp\/v2\/pages"}],"about":[{"href":"https:\/\/dorimedia.com\/es\/wp-json\/wp\/v2\/types\/page"}],"author":[{"embeddable":true,"href":"https:\/\/dorimedia.com\/es\/wp-json\/wp\/v2\/users\/1"}],"replies":[{"embeddable":true,"href":"https:\/\/dorimedia.com\/es\/wp-json\/wp\/v2\/comments?post=3912"}],"version-history":[{"count":2,"href":"https:\/\/dorimedia.com\/es\/wp-json\/wp\/v2\/pages\/3912\/revisions"}],"predecessor-version":[{"id":3915,"href":"https:\/\/dorimedia.com\/es\/wp-json\/wp\/v2\/pages\/3912\/revisions\/3915"}],"wp:attachment":[{"href":"https:\/\/dorimedia.com\/es\/wp-json\/wp\/v2\/media?parent=3912"}],"curies":[{"name":"wp","href":"https:\/\/api.w.org\/{rel}","templated":true}]}}