{"id":3916,"date":"2024-03-27T12:17:40","date_gmt":"2024-03-27T12:17:40","guid":{"rendered":"https:\/\/dorimedia.com\/?page_id=3916"},"modified":"2024-04-03T06:41:45","modified_gmt":"2024-04-03T06:41:45","slug":"mememe-estudios","status":"publish","type":"page","link":"https:\/\/dorimedia.com\/es\/mememe-estudios\/","title":{"rendered":"MeMeMe Estudios"},"content":{"rendered":"<div class=\"wpb-content-wrapper\"><p>[vc_row][vc_column width=\u00bb1\/2&#8243;][vc_column_text]MeMeMe Studios es la primera red multicanal (Multi Channel Network \u2013 MCN) internacional de Israel que produce contenidos para YouTube y otros sitios, a la vez que administra derechos de terceros.<\/p>\n<p>La empresa fue fundada en 2014 como parte de la estrategia digital de largo plazo de Dori Media como principal productora de contenidos y distribuidora dentro del cambiante mercado internacional.<\/p>\n<p>Como MCN de YouTube, MeMeMe opera en distintos niveles: producci\u00f3n, distribuci\u00f3n y gesti\u00f3n de derechos de contenidos bajo la cuenta de YouTube del socio principal.<\/p>\n<p>Producci\u00f3n \u2013 MeMeMe produce su propio contenido original, dise\u00f1ado para las plataformas digitales, a la vez que busca talentos locales para la coproducci\u00f3n de nuevas marcas originales.<\/p>\n<p>Distribuci\u00f3n y gesti\u00f3n de derechos digitales \u2013 Adem\u00e1s de operar sus propias marcas, MeMeMe opera los 10 canales de socios exitosos de Dori Media y marcas de terceros (tanto de empresas como de creadores independientes) en YouTube.[\/vc_column_text][\/vc_column][vc_column width=\u00bb1\/2&#8243;][vc_single_image image=\u00bb3917&#8243; img_size=\u00bbfull\u00bb][\/vc_column][\/vc_row]<\/p>\n<\/div>","protected":false},"excerpt":{"rendered":"<p>[vc_row][vc_column width=\u00bb1\/2&#8243;][vc_column_text]MeMeMe Studios es la primera red multicanal (Multi Channel Network \u2013 MCN) internacional de Israel que produce contenidos para YouTube y otros sitios, a la vez que administra derechos de terceros. La empresa fue fundada en 2014 como parte de la estrategia digital de largo plazo de Dori Media como principal productora de contenidos[&#8230;] <\/p>\n<p class=\"mt-15\"><a class=\"btn btn-color btn-sm\" href=\"https:\/\/dorimedia.com\/es\/mememe-estudios\/\">Read More<\/a><\/p>\n","protected":false},"author":1,"featured_media":0,"parent":0,"menu_order":35,"comment_status":"closed","ping_status":"closed","template":"","meta":{"footnotes":""},"class_list":["post-3916","page","type-page","status-publish","hentry"],"yoast_head":"<!-- This site is optimized with the Yoast SEO plugin v27.3 - https:\/\/yoast.com\/product\/yoast-seo-wordpress\/ -->\n<title>MeMeMe Estudios - DORI MEDIA<\/title>\n<meta name=\"robots\" content=\"index, follow, max-snippet:-1, max-image-preview:large, max-video-preview:-1\" \/>\n<link rel=\"canonical\" href=\"https:\/\/dorimedia.com\/mememe-estudios\/\" \/>\n<meta property=\"og:locale\" content=\"es_ES\" \/>\n<meta property=\"og:type\" content=\"article\" \/>\n<meta property=\"og:title\" content=\"MeMeMe Estudios - DORI MEDIA\" \/>\n<meta property=\"og:description\" content=\"[vc_row][vc_column width=\u00bb1\/2&#8243;][vc_column_text]MeMeMe Studios es la primera red multicanal (Multi Channel Network \u2013 MCN) internacional de Israel que produce contenidos para YouTube y otros sitios, a la vez que administra derechos de terceros. La empresa fue fundada en 2014 como parte de la estrategia digital de largo plazo de Dori Media como principal productora de contenidos[...] Read More\" \/>\n<meta property=\"og:url\" content=\"https:\/\/dorimedia.com\/mememe-estudios\/\" \/>\n<meta property=\"og:site_name\" content=\"DORI MEDIA\" \/>\n<meta property=\"article:modified_time\" content=\"2024-04-03T06:41:45+00:00\" \/>\n<meta name=\"twitter:card\" content=\"summary_large_image\" \/>\n<meta name=\"twitter:label1\" content=\"Tiempo de lectura\" \/>\n\t<meta name=\"twitter:data1\" content=\"2 minutos\" \/>\n<script type=\"application\/ld+json\" class=\"yoast-schema-graph\">{\"@context\":\"https:\\\/\\\/schema.org\",\"@graph\":[{\"@type\":\"WebPage\",\"@id\":\"https:\\\/\\\/dorimedia.com\\\/mememe-estudios\\\/\",\"url\":\"https:\\\/\\\/dorimedia.com\\\/mememe-estudios\\\/\",\"name\":\"MeMeMe Estudios - DORI MEDIA\",\"isPartOf\":{\"@id\":\"https:\\\/\\\/dorimedia.com\\\/#website\"},\"datePublished\":\"2024-03-27T12:17:40+00:00\",\"dateModified\":\"2024-04-03T06:41:45+00:00\",\"breadcrumb\":{\"@id\":\"https:\\\/\\\/dorimedia.com\\\/mememe-estudios\\\/#breadcrumb\"},\"inLanguage\":\"es\",\"potentialAction\":[{\"@type\":\"ReadAction\",\"target\":[\"https:\\\/\\\/dorimedia.com\\\/mememe-estudios\\\/\"]}]},{\"@type\":\"BreadcrumbList\",\"@id\":\"https:\\\/\\\/dorimedia.com\\\/mememe-estudios\\\/#breadcrumb\",\"itemListElement\":[{\"@type\":\"ListItem\",\"position\":1,\"name\":\"Home\",\"item\":\"https:\\\/\\\/dorimedia.com\\\/\"},{\"@type\":\"ListItem\",\"position\":2,\"name\":\"MeMeMe Studios\"}]},{\"@type\":\"WebSite\",\"@id\":\"https:\\\/\\\/dorimedia.com\\\/#website\",\"url\":\"https:\\\/\\\/dorimedia.com\\\/\",\"name\":\"DORI MEDIA\",\"description\":\"Dori Media is an international group of media companies with offices is Israel, Switzerland, Argentina and the USA. The groups&#039; business includes production, broadcast (TV channels), distribution and technical services.\",\"potentialAction\":[{\"@type\":\"SearchAction\",\"target\":{\"@type\":\"EntryPoint\",\"urlTemplate\":\"https:\\\/\\\/dorimedia.com\\\/?s={search_term_string}\"},\"query-input\":{\"@type\":\"PropertyValueSpecification\",\"valueRequired\":true,\"valueName\":\"search_term_string\"}}],\"inLanguage\":\"es\"}]}<\/script>\n<!-- \/ Yoast SEO plugin. -->","yoast_head_json":{"title":"MeMeMe Estudios - DORI MEDIA","robots":{"index":"index","follow":"follow","max-snippet":"max-snippet:-1","max-image-preview":"max-image-preview:large","max-video-preview":"max-video-preview:-1"},"canonical":"https:\/\/dorimedia.com\/mememe-estudios\/","og_locale":"es_ES","og_type":"article","og_title":"MeMeMe Estudios - DORI MEDIA","og_description":"[vc_row][vc_column width=\u00bb1\/2&#8243;][vc_column_text]MeMeMe Studios es la primera red multicanal (Multi Channel Network \u2013 MCN) internacional de Israel que produce contenidos para YouTube y otros sitios, a la vez que administra derechos de terceros. La empresa fue fundada en 2014 como parte de la estrategia digital de largo plazo de Dori Media como principal productora de contenidos[...] Read More","og_url":"https:\/\/dorimedia.com\/mememe-estudios\/","og_site_name":"DORI MEDIA","article_modified_time":"2024-04-03T06:41:45+00:00","twitter_card":"summary_large_image","twitter_misc":{"Tiempo de lectura":"2 minutos"},"schema":{"@context":"https:\/\/schema.org","@graph":[{"@type":"WebPage","@id":"https:\/\/dorimedia.com\/mememe-estudios\/","url":"https:\/\/dorimedia.com\/mememe-estudios\/","name":"MeMeMe Estudios - DORI MEDIA","isPartOf":{"@id":"https:\/\/dorimedia.com\/#website"},"datePublished":"2024-03-27T12:17:40+00:00","dateModified":"2024-04-03T06:41:45+00:00","breadcrumb":{"@id":"https:\/\/dorimedia.com\/mememe-estudios\/#breadcrumb"},"inLanguage":"es","potentialAction":[{"@type":"ReadAction","target":["https:\/\/dorimedia.com\/mememe-estudios\/"]}]},{"@type":"BreadcrumbList","@id":"https:\/\/dorimedia.com\/mememe-estudios\/#breadcrumb","itemListElement":[{"@type":"ListItem","position":1,"name":"Home","item":"https:\/\/dorimedia.com\/"},{"@type":"ListItem","position":2,"name":"MeMeMe Studios"}]},{"@type":"WebSite","@id":"https:\/\/dorimedia.com\/#website","url":"https:\/\/dorimedia.com\/","name":"DORI MEDIA","description":"Dori Media is an international group of media companies with offices is Israel, Switzerland, Argentina and the USA. The groups&#039; business includes production, broadcast (TV channels), distribution and technical services.","potentialAction":[{"@type":"SearchAction","target":{"@type":"EntryPoint","urlTemplate":"https:\/\/dorimedia.com\/?s={search_term_string}"},"query-input":{"@type":"PropertyValueSpecification","valueRequired":true,"valueName":"search_term_string"}}],"inLanguage":"es"}]}},"_links":{"self":[{"href":"https:\/\/dorimedia.com\/es\/wp-json\/wp\/v2\/pages\/3916","targetHints":{"allow":["GET"]}}],"collection":[{"href":"https:\/\/dorimedia.com\/es\/wp-json\/wp\/v2\/pages"}],"about":[{"href":"https:\/\/dorimedia.com\/es\/wp-json\/wp\/v2\/types\/page"}],"author":[{"embeddable":true,"href":"https:\/\/dorimedia.com\/es\/wp-json\/wp\/v2\/users\/1"}],"replies":[{"embeddable":true,"href":"https:\/\/dorimedia.com\/es\/wp-json\/wp\/v2\/comments?post=3916"}],"version-history":[{"count":2,"href":"https:\/\/dorimedia.com\/es\/wp-json\/wp\/v2\/pages\/3916\/revisions"}],"predecessor-version":[{"id":3940,"href":"https:\/\/dorimedia.com\/es\/wp-json\/wp\/v2\/pages\/3916\/revisions\/3940"}],"wp:attachment":[{"href":"https:\/\/dorimedia.com\/es\/wp-json\/wp\/v2\/media?parent=3916"}],"curies":[{"name":"wp","href":"https:\/\/api.w.org\/{rel}","templated":true}]}}