{"id":805,"date":"2016-01-27T15:40:26","date_gmt":"2016-01-27T15:40:26","guid":{"rendered":"http:\/\/themes.hody.co\/comet\/?page_id=805"},"modified":"2024-06-13T07:50:23","modified_gmt":"2024-06-13T07:50:23","slug":"about-dori-media-group","status":"publish","type":"page","link":"https:\/\/dorimedia.com\/es\/about-dori-media-group\/","title":{"rendered":"Sobre nosotros"},"content":{"rendered":"<div class=\"wpb-content-wrapper\"><p>[vc_row][vc_column width=\u00bb1\/4&#8243;][vc_single_image image=\u00bb1646&#8243; img_size=\u00bbfull\u00bb css_animation=\u00bbappear\u00bb][\/vc_column][vc_column width=\u00bb2\/3&#8243; offset=\u00bbvc_col-sm-offset-1&#8243;][vc_column_text]Un grupo internacional de empresas de medios, ubicado en Israel, Suiza, Espa\u00f1a, Argentina y Singapur. El grupo produce y distribuye contenido de TV y de nuevos Medios, emite varios canales de TV y opera sitios de contenido en internet. Nuestro cat\u00e1logo contiene series diarias y semanales, reality y formatos de entretenimiento, as\u00ed como tambi\u00e9n programas para ni\u00f1os que vendemos a una gran variedad de audiencias en m\u00e1s de 100 pa\u00edses.[\/vc_column_text][\/vc_column][\/vc_row][vc_row full_width=\u00bbstretch_row_content\u00bb content_placement=\u00bbmiddle\u00bb][vc_column width=\u00bb1\/4&#8243;]<div class=\"title txt-md-center txt-xs-center\"><h3 class=\"upper\">EXPLORE NUESTRAS EMPRESAS<span class=\"red-dot\"><\/span><\/h3><hr><\/div>[\/vc_column][vc_column width=\u00bb2\/3&#8243; offset=\u00bbvc_col-sm-offset-1&#8243;]<div class=\" vc_custom_1474789376752\"><div class=\"owl-carousel\" data-options=\"{&quot;items&quot;: 3, &quot;margin&quot;: 0, &quot;autoplay&quot;: true, &quot;dots&quot;: true, &quot;mdItems&quot;: 2, &quot;smItems&quot;: 1, &quot;xsItems&quot;: 1}\">[vc_single_image image=\u00bb2354&#8243; img_size=\u00bbfull\u00bb alignment=\u00bbcenter\u00bb onclick=\u00bbcustom_link\u00bb link=\u00bbhttps:\/\/dorimedia.com\/about-dori-media-group\/\u00bb][vc_single_image image=\u00bb2339&#8243; img_size=\u00bbfull\u00bb alignment=\u00bbcenter\u00bb onclick=\u00bbcustom_link\u00bb link=\u00bbhttps:\/\/dorimedia.com\/es\/dori-media-international-2\/\u00bb][vc_single_image image=\u00bb2340&#8243; img_size=\u00bbfull\u00bb onclick=\u00bbcustom_link\u00bb link=\u00bbhttps:\/\/dorimedia.com\/es\/dori-media-distribution\/\u00bb][vc_single_image image=\u00bb2341&#8243; img_size=\u00bbfull\u00bb onclick=\u00bbcustom_link\u00bb link=\u00bbhttps:\/\/dorimedia.com\/es\/dori-media-contenidos\/\u00bb][vc_single_image image=\u00bb2325&#8243; img_size=\u00bbfull\u00bb onclick=\u00bbcustom_link\u00bb link=\u00bbhttps:\/\/dorimedia.com\/es\/dori-media-darset-dori-media-paran\/\u00bb][vc_single_image image=\u00bb2440&#8243; img_size=\u00bbfull\u00bb onclick=\u00bbcustom_link\u00bb link=\u00bbhttps:\/\/dorimedia.com\/es\/dori-media-darset-dori-media-paran\/\u00bb][vc_single_image image=\u00bb2343&#8243; img_size=\u00bbfull\u00bb onclick=\u00bbcustom_link\u00bb link=\u00bbhttps:\/\/dorimedia.com\/es\/mememe-estudios\/\u00bb]<\/div><\/div>[\/vc_column][\/vc_row][vc_row full_width=\u00bbstretch_row_content_no_spaces\u00bb parallax=\u00bbcontent-moving\u00bb parallax_image=\u00bb2527&#8243; row_bg_color=\u00bbdark\u00bb css=\u00bb.vc_custom_1475060508690{padding-top: 0px !important;padding-bottom: 0px !important;}\u00bb el_class=\u00bbboxes\u00bb][vc_column width=\u00bb1\/3&#8243;]<div class=\"number-box\"><span><\/span><h2>01<span class=\"red-dot\"><\/span><\/h2><h4>Gerencia<\/h4><p><\/p><\/div>[vc_column_text el_class=\u00bbiconText\u00bb]<a href=\"https:\/\/dorimedia.com\/management\/\">Conozca a nuestra Gerencia &gt;<\/a>[\/vc_column_text][\/vc_column][vc_column width=\u00bb1\/3&#8243;]<div class=\"number-box\"><span><\/span><h2>02<span class=\"red-dot\"><\/span><\/h2><h4>Directores<\/h4><p><\/p><\/div>[vc_column_text el_class=\u00bbiconText\u00bb]<a href=\"https:\/\/dorimedia.com\/directors\/\">Conozca a nuestros Directores\u00a0<\/a><a href=\"https:\/\/dorimedia.com\/directors\/\">&gt;<\/a>[\/vc_column_text][\/vc_column][vc_column width=\u00bb1\/3&#8243;]<div class=\"number-box\"><span><\/span><h2>03<span class=\"red-dot\"><\/span><\/h2><h4>Estructura del Grupo<\/h4><p><\/p><\/div>[vc_column_text el_class=\u00bbiconText\u00bb]<a href=\"https:\/\/dorimedia.com\/group-structure\">Estructura del Grupo<\/a><a href=\"\/group-structure\">\u00a0&gt;<\/a>[\/vc_column_text][\/vc_column][\/vc_row]<\/p>\n<\/div>","protected":false},"excerpt":{"rendered":"<p>[vc_row][vc_column width=\u00bb1\/4&#8243;][vc_single_image image=\u00bb1646&#8243; img_size=\u00bbfull\u00bb css_animation=\u00bbappear\u00bb][\/vc_column][vc_column width=\u00bb2\/3&#8243; offset=\u00bbvc_col-sm-offset-1&#8243;][vc_column_text]Un grupo internacional de empresas de medios, ubicado en Israel, Suiza, Espa\u00f1a, Argentina y Singapur. El grupo produce y distribuye contenido de TV y de nuevos Medios, emite varios canales de TV y opera sitios de contenido en internet. Nuestro cat\u00e1logo contiene series diarias y semanales, reality y formatos[&#8230;] <\/p>\n<p class=\"mt-15\"><a class=\"btn btn-color btn-sm\" href=\"https:\/\/dorimedia.com\/es\/about-dori-media-group\/\">Read More<\/a><\/p>\n","protected":false},"author":1,"featured_media":0,"parent":0,"menu_order":10,"comment_status":"closed","ping_status":"closed","template":"","meta":{"footnotes":""},"class_list":["post-805","page","type-page","status-publish","hentry"],"yoast_head":"<!-- This site is optimized with the Yoast SEO plugin v27.3 - https:\/\/yoast.com\/product\/yoast-seo-wordpress\/ -->\n<title>Sobre nosotros - DORI MEDIA<\/title>\n<meta name=\"robots\" content=\"index, follow, max-snippet:-1, max-image-preview:large, max-video-preview:-1\" \/>\n<link rel=\"canonical\" href=\"https:\/\/dorimedia.com\/about-dori-media-group\/\" \/>\n<meta property=\"og:locale\" content=\"es_ES\" \/>\n<meta property=\"og:type\" content=\"article\" \/>\n<meta property=\"og:title\" content=\"Sobre nosotros - DORI MEDIA\" \/>\n<meta property=\"og:description\" content=\"[vc_row][vc_column width=\u00bb1\/4&#8243;][vc_single_image image=\u00bb1646&#8243; img_size=\u00bbfull\u00bb css_animation=\u00bbappear\u00bb][\/vc_column][vc_column width=\u00bb2\/3&#8243; offset=\u00bbvc_col-sm-offset-1&#8243;][vc_column_text]Un grupo internacional de empresas de medios, ubicado en Israel, Suiza, Espa\u00f1a, Argentina y Singapur. El grupo produce y distribuye contenido de TV y de nuevos Medios, emite varios canales de TV y opera sitios de contenido en internet. Nuestro cat\u00e1logo contiene series diarias y semanales, reality y formatos[...] Read More\" \/>\n<meta property=\"og:url\" content=\"https:\/\/dorimedia.com\/about-dori-media-group\/\" \/>\n<meta property=\"og:site_name\" content=\"DORI MEDIA\" \/>\n<meta property=\"article:modified_time\" content=\"2024-06-13T07:50:23+00:00\" \/>\n<meta name=\"twitter:card\" content=\"summary_large_image\" \/>\n<meta name=\"twitter:label1\" content=\"Tiempo de lectura\" \/>\n\t<meta name=\"twitter:data1\" content=\"4 minutos\" \/>\n<script type=\"application\/ld+json\" class=\"yoast-schema-graph\">{\"@context\":\"https:\\\/\\\/schema.org\",\"@graph\":[{\"@type\":\"WebPage\",\"@id\":\"https:\\\/\\\/dorimedia.com\\\/about-dori-media-group\\\/\",\"url\":\"https:\\\/\\\/dorimedia.com\\\/about-dori-media-group\\\/\",\"name\":\"Sobre nosotros - DORI MEDIA\",\"isPartOf\":{\"@id\":\"https:\\\/\\\/dorimedia.com\\\/#website\"},\"datePublished\":\"2016-01-27T15:40:26+00:00\",\"dateModified\":\"2024-06-13T07:50:23+00:00\",\"breadcrumb\":{\"@id\":\"https:\\\/\\\/dorimedia.com\\\/about-dori-media-group\\\/#breadcrumb\"},\"inLanguage\":\"es\",\"potentialAction\":[{\"@type\":\"ReadAction\",\"target\":[\"https:\\\/\\\/dorimedia.com\\\/about-dori-media-group\\\/\"]}]},{\"@type\":\"BreadcrumbList\",\"@id\":\"https:\\\/\\\/dorimedia.com\\\/about-dori-media-group\\\/#breadcrumb\",\"itemListElement\":[{\"@type\":\"ListItem\",\"position\":1,\"name\":\"Home\",\"item\":\"https:\\\/\\\/dorimedia.com\\\/\"},{\"@type\":\"ListItem\",\"position\":2,\"name\":\"About Dori Media Group\"}]},{\"@type\":\"WebSite\",\"@id\":\"https:\\\/\\\/dorimedia.com\\\/#website\",\"url\":\"https:\\\/\\\/dorimedia.com\\\/\",\"name\":\"DORI MEDIA\",\"description\":\"Dori Media is an international group of media companies with offices is Israel, Switzerland, Argentina and the USA. The groups&#039; business includes production, broadcast (TV channels), distribution and technical services.\",\"potentialAction\":[{\"@type\":\"SearchAction\",\"target\":{\"@type\":\"EntryPoint\",\"urlTemplate\":\"https:\\\/\\\/dorimedia.com\\\/?s={search_term_string}\"},\"query-input\":{\"@type\":\"PropertyValueSpecification\",\"valueRequired\":true,\"valueName\":\"search_term_string\"}}],\"inLanguage\":\"es\"}]}<\/script>\n<!-- \/ Yoast SEO plugin. -->","yoast_head_json":{"title":"Sobre nosotros - DORI MEDIA","robots":{"index":"index","follow":"follow","max-snippet":"max-snippet:-1","max-image-preview":"max-image-preview:large","max-video-preview":"max-video-preview:-1"},"canonical":"https:\/\/dorimedia.com\/about-dori-media-group\/","og_locale":"es_ES","og_type":"article","og_title":"Sobre nosotros - DORI MEDIA","og_description":"[vc_row][vc_column width=\u00bb1\/4&#8243;][vc_single_image image=\u00bb1646&#8243; img_size=\u00bbfull\u00bb css_animation=\u00bbappear\u00bb][\/vc_column][vc_column width=\u00bb2\/3&#8243; offset=\u00bbvc_col-sm-offset-1&#8243;][vc_column_text]Un grupo internacional de empresas de medios, ubicado en Israel, Suiza, Espa\u00f1a, Argentina y Singapur. El grupo produce y distribuye contenido de TV y de nuevos Medios, emite varios canales de TV y opera sitios de contenido en internet. Nuestro cat\u00e1logo contiene series diarias y semanales, reality y formatos[...] Read More","og_url":"https:\/\/dorimedia.com\/about-dori-media-group\/","og_site_name":"DORI MEDIA","article_modified_time":"2024-06-13T07:50:23+00:00","twitter_card":"summary_large_image","twitter_misc":{"Tiempo de lectura":"4 minutos"},"schema":{"@context":"https:\/\/schema.org","@graph":[{"@type":"WebPage","@id":"https:\/\/dorimedia.com\/about-dori-media-group\/","url":"https:\/\/dorimedia.com\/about-dori-media-group\/","name":"Sobre nosotros - DORI MEDIA","isPartOf":{"@id":"https:\/\/dorimedia.com\/#website"},"datePublished":"2016-01-27T15:40:26+00:00","dateModified":"2024-06-13T07:50:23+00:00","breadcrumb":{"@id":"https:\/\/dorimedia.com\/about-dori-media-group\/#breadcrumb"},"inLanguage":"es","potentialAction":[{"@type":"ReadAction","target":["https:\/\/dorimedia.com\/about-dori-media-group\/"]}]},{"@type":"BreadcrumbList","@id":"https:\/\/dorimedia.com\/about-dori-media-group\/#breadcrumb","itemListElement":[{"@type":"ListItem","position":1,"name":"Home","item":"https:\/\/dorimedia.com\/"},{"@type":"ListItem","position":2,"name":"About Dori Media Group"}]},{"@type":"WebSite","@id":"https:\/\/dorimedia.com\/#website","url":"https:\/\/dorimedia.com\/","name":"DORI MEDIA","description":"Dori Media is an international group of media companies with offices is Israel, Switzerland, Argentina and the USA. The groups&#039; business includes production, broadcast (TV channels), distribution and technical services.","potentialAction":[{"@type":"SearchAction","target":{"@type":"EntryPoint","urlTemplate":"https:\/\/dorimedia.com\/?s={search_term_string}"},"query-input":{"@type":"PropertyValueSpecification","valueRequired":true,"valueName":"search_term_string"}}],"inLanguage":"es"}]}},"_links":{"self":[{"href":"https:\/\/dorimedia.com\/es\/wp-json\/wp\/v2\/pages\/805","targetHints":{"allow":["GET"]}}],"collection":[{"href":"https:\/\/dorimedia.com\/es\/wp-json\/wp\/v2\/pages"}],"about":[{"href":"https:\/\/dorimedia.com\/es\/wp-json\/wp\/v2\/types\/page"}],"author":[{"embeddable":true,"href":"https:\/\/dorimedia.com\/es\/wp-json\/wp\/v2\/users\/1"}],"replies":[{"embeddable":true,"href":"https:\/\/dorimedia.com\/es\/wp-json\/wp\/v2\/comments?post=805"}],"version-history":[{"count":2,"href":"https:\/\/dorimedia.com\/es\/wp-json\/wp\/v2\/pages\/805\/revisions"}],"predecessor-version":[{"id":3948,"href":"https:\/\/dorimedia.com\/es\/wp-json\/wp\/v2\/pages\/805\/revisions\/3948"}],"wp:attachment":[{"href":"https:\/\/dorimedia.com\/es\/wp-json\/wp\/v2\/media?parent=805"}],"curies":[{"name":"wp","href":"https:\/\/api.w.org\/{rel}","templated":true}]}}